{"id":21742,"date":"2025-05-08T10:21:58","date_gmt":"2025-05-08T10:21:58","guid":{"rendered":"https:\/\/team-meble.pl\/produkt\/toaletni-stolek-se-dvema-zasuvkami-trend-ts-09\/"},"modified":"2025-05-28T11:17:21","modified_gmt":"2025-05-28T11:17:21","slug":"toaletni-stolek-se-dvema-zasuvkami-trend-ts-09","status":"publish","type":"product","link":"https:\/\/team-meble.pl\/cs\/produkt\/toaletni-stolek-se-dvema-zasuvkami-trend-ts-09\/","title":{"rendered":"Toaletn\u00ed stolek se dv\u011bma z\u00e1suvkami Trend TS-09 Lenart"},"content":{"rendered":"<p>Modern\u00ed toaletn\u00ed stolek od spole\u010dnosti Lenart je elegance a funk\u010dnost v jednom. Je ide\u00e1ln\u00ed do lo\u017enice a snadno si s n\u00edm vytvo\u0159\u00edte vlastn\u00ed koutek kr\u00e1sy. <\/p>\n<p>Modern\u00ed toaletn\u00ed stolek do lo\u017enice byl navr\u017een tak, aby maxim\u00e1ln\u011b vyu\u017eil prostor. D\u00edky sv\u00fdm kompaktn\u00edm rozm\u011br\u016fm je ide\u00e1ln\u00ed do v\u011bt\u0161\u00edch i men\u0161\u00edch lo\u017enic. Je to praktick\u00fd kus n\u00e1bytku, kter\u00fd nezabere mnoho m\u00edsta, a p\u0159esto vnese do interi\u00e9ru n\u00e1dech luxusu.  <\/p>\n","protected":false},"excerpt":{"rendered":"<p>Rozm\u011bry:<\/p>\n<p>\u0160\u00ed\u0159ka &#8211; 112 cm<\/p>\n<p>Hloubka &#8211; 40 cm<\/p>\n<p>V\u00fd\u0161ka &#8211; 78 cm<\/p>\n","protected":false},"featured_media":21728,"comment_status":"open","ping_status":"closed","template":"","meta":{"_eb_attr":"","_uag_custom_page_level_css":"","site-sidebar-layout":"default","site-content-layout":"","ast-site-content-layout":"default","site-content-style":"default","site-sidebar-style":"default","ast-global-header-display":"","ast-banner-title-visibility":"","ast-main-header-display":"","ast-hfb-above-header-display":"","ast-hfb-below-header-display":"","ast-hfb-mobile-header-display":"","site-post-title":"","ast-breadcrumbs-content":"","ast-featured-img":"","footer-sml-layout":"","theme-transparent-header-meta":"default","adv-header-id-meta":"","stick-header-meta":"default","header-above-stick-meta":"","header-main-stick-meta":"","header-below-stick-meta":"","astra-migrate-meta-layouts":"default","ast-page-background-enabled":"default","ast-page-background-meta":{"desktop":{"background-color":"","background-image":"","background-repeat":"repeat","background-position":"center center","background-size":"auto","background-attachment":"scroll","background-type":"","background-media":"","overlay-type":"","overlay-color":"","overlay-opacity":"","overlay-gradient":""},"tablet":{"background-color":"","background-image":"","background-repeat":"repeat","background-position":"center center","background-size":"auto","background-attachment":"scroll","background-type":"","background-media":"","overlay-type":"","overlay-color":"","overlay-opacity":"","overlay-gradient":""},"mobile":{"background-color":"","background-image":"","background-repeat":"repeat","background-position":"center center","background-size":"auto","background-attachment":"scroll","background-type":"","background-media":"","overlay-type":"","overlay-color":"","overlay-opacity":"","overlay-gradient":""}},"ast-content-background-meta":{"desktop":{"background-color":"var(--ast-global-color-5)","background-image":"","background-repeat":"repeat","background-position":"center center","background-size":"auto","background-attachment":"scroll","background-type":"","background-media":"","overlay-type":"","overlay-color":"","overlay-opacity":"","overlay-gradient":""},"tablet":{"background-color":"var(--ast-global-color-5)","background-image":"","background-repeat":"repeat","background-position":"center center","background-size":"auto","background-attachment":"scroll","background-type":"","background-media":"","overlay-type":"","overlay-color":"","overlay-opacity":"","overlay-gradient":""},"mobile":{"background-color":"var(--ast-global-color-5)","background-image":"","background-repeat":"repeat","background-position":"center center","background-size":"auto","background-attachment":"scroll","background-type":"","background-media":"","overlay-type":"","overlay-color":"","overlay-opacity":"","overlay-gradient":""}}},"product_brand":[],"product_cat":[93,94,108],"product_tag":[],"class_list":{"0":"post-21742","1":"product","2":"type-product","3":"status-publish","4":"has-post-thumbnail","6":"product_cat-detsky-pokoj","7":"product_cat-loznice","8":"product_cat-komody-cs","9":"desktop-align-left","10":"tablet-align-left","11":"mobile-align-left","12":"ast-product-gallery-layout-horizontal-slider","13":"ast-product-tabs-layout-horizontal","14":"ast-qv-on-image","16":"first","17":"onbackorder","18":"shipping-taxable","19":"purchasable","20":"product-type-simple"},"spectra_custom_meta":{"_iwo_price_last_change":["a:4:{s:5:\"price\";s:3:\"809\";s:10:\"price_sale\";s:0:\"\";s:19:\"price_including_tax\";d:809;s:9:\"timestamp\";i:1748431042;}"],"_alp_processed":["1748431042"],"_wcml_average_rating":[null],"_wcml_review_count":[null],"_wcml_rating_count":[null],"_backorders":["no"],"_download_limit":["-1"],"_download_expiry":["-1"],"_downloadable":["no"],"_manage_stock":["no"],"_stock_status":["onbackorder"],"_sold_individually":["no"],"_tax_class":[""],"_tax_status":["taxable"],"_virtual":["no"],"total_sales":["0"],"_wpml_media_duplicate":["1"],"_wpml_media_featured":["1"],"stick-header-meta":["default"],"site-sidebar-layout":["default"],"theme-transparent-header-meta":["default"],"ast-site-content-layout":["default"],"site-content-style":["default"],"site-sidebar-style":["default"],"wcml_sync_hash":["a:1:{s:15:\"postmeta_fields\";s:32:\"c740a2f396e0ed83916067574d5487ee\";}"],"attr_label_translations":["a:0:{}"],"_product_attributes":["a:0:{}"],"_thumbnail_id":["21728"],"_product_image_gallery":["21661,21738,21730,21734,21732"],"_default_attributes":["a:0:{}"],"_upsell_ids":["a:0:{}"],"_crosssell_ids":["a:0:{}"],"_children":["a:0:{}"],"_regular_price":[4611.3],"_price":[4611.3],"_downloadable_files":[""],"_iwo_price_log":["a:4:{s:5:\"price\";s:3:\"809\";s:10:\"price_sale\";s:0:\"\";s:19:\"price_including_tax\";d:809;s:9:\"timestamp\";i:1748431042;}"],"_last_translation_edit_mode":["translation-editor"],"_wpml_word_count":["93"],"_eb_reusable_block_ids":["a:0:{}"],"_uag_page_assets":["a:9:{s:3:\"css\";s:263:\".uag-blocks-common-selector{z-index:var(--z-index-desktop) !important}@media (max-width: 976px){.uag-blocks-common-selector{z-index:var(--z-index-tablet) !important}}@media (max-width: 767px){.uag-blocks-common-selector{z-index:var(--z-index-mobile) !important}}\n\";s:2:\"js\";s:0:\"\";s:18:\"current_block_list\";a:13:{i:0;s:11:\"core\/search\";i:1;s:10:\"core\/group\";i:2;s:12:\"core\/heading\";i:3;s:17:\"core\/latest-posts\";i:4;s:20:\"core\/latest-comments\";i:5;s:13:\"core\/archives\";i:6;s:15:\"core\/categories\";i:7;s:26:\"woocommerce\/filter-wrapper\";i:8;s:24:\"woocommerce\/price-filter\";i:9;s:30:\"woocommerce\/product-categories\";i:10;s:26:\"woocommerce\/active-filters\";i:11;s:23:\"essential-blocks\/social\";i:12;s:24:\"woocommerce\/stock-filter\";}s:8:\"uag_flag\";b:0;s:11:\"uag_version\";s:10:\"1776792934\";s:6:\"gfonts\";a:0:{}s:10:\"gfonts_url\";s:0:\"\";s:12:\"gfonts_files\";a:0:{}s:14:\"uag_faq_layout\";b:0;}"],"_max_variation_price":[""],"_max_variation_regular_price":[""],"_max_variation_sale_price":[""],"_min_variation_price":[""],"_min_variation_regular_price":[""],"_min_variation_sale_price":[""],"_sale_price":[""],"_wc_rating_count":[""],"_wc_review_count":[""],"_wc_average_rating":[0]},"uagb_featured_image_src":{"full":["https:\/\/team-meble.pl\/wp-content\/uploads\/2025\/05\/toaletka-nowoczesna_1-600x600-1.webp",600,600,false],"thumbnail":["https:\/\/team-meble.pl\/wp-content\/uploads\/2025\/05\/toaletka-nowoczesna_1-600x600-1-150x150.webp",150,150,true],"medium":["https:\/\/team-meble.pl\/wp-content\/uploads\/2025\/05\/toaletka-nowoczesna_1-600x600-1-300x300.webp",300,300,true],"medium_large":["https:\/\/team-meble.pl\/wp-content\/uploads\/2025\/05\/toaletka-nowoczesna_1-600x600-1.webp",600,600,false],"large":["https:\/\/team-meble.pl\/wp-content\/uploads\/2025\/05\/toaletka-nowoczesna_1-600x600-1.webp",600,600,false],"1536x1536":["https:\/\/team-meble.pl\/wp-content\/uploads\/2025\/05\/toaletka-nowoczesna_1-600x600-1.webp",600,600,false],"2048x2048":["https:\/\/team-meble.pl\/wp-content\/uploads\/2025\/05\/toaletka-nowoczesna_1-600x600-1.webp",600,600,false],"mailpoet_newsletter_max":["https:\/\/team-meble.pl\/wp-content\/uploads\/2025\/05\/toaletka-nowoczesna_1-600x600-1.webp",600,600,false],"woocommerce_thumbnail":["https:\/\/team-meble.pl\/wp-content\/uploads\/2025\/05\/toaletka-nowoczesna_1-600x600-1-300x300.webp",300,300,true],"woocommerce_single":["https:\/\/team-meble.pl\/wp-content\/uploads\/2025\/05\/toaletka-nowoczesna_1-600x600-1-300x300.webp",300,300,true],"woocommerce_gallery_thumbnail":["https:\/\/team-meble.pl\/wp-content\/uploads\/2025\/05\/toaletka-nowoczesna_1-600x600-1-100x100.webp",100,100,true]},"uagb_author_info":{"display_name":"Wiola","author_link":"https:\/\/team-meble.pl\/cs\/author\/"},"uagb_comment_info":0,"uagb_excerpt":"Rozm\u011bry: \u0160\u00ed\u0159ka - 112 cm Hloubka - 40 cm V\u00fd\u0161ka - 78 cm","_links":{"self":[{"href":"https:\/\/team-meble.pl\/cs\/wp-json\/wp\/v2\/product\/21742","targetHints":{"allow":["GET"]}}],"collection":[{"href":"https:\/\/team-meble.pl\/cs\/wp-json\/wp\/v2\/product"}],"about":[{"href":"https:\/\/team-meble.pl\/cs\/wp-json\/wp\/v2\/types\/product"}],"replies":[{"embeddable":true,"href":"https:\/\/team-meble.pl\/cs\/wp-json\/wp\/v2\/comments?post=21742"}],"wp:featuredmedia":[{"embeddable":true,"href":"https:\/\/team-meble.pl\/cs\/wp-json\/wp\/v2\/media\/21728"}],"wp:attachment":[{"href":"https:\/\/team-meble.pl\/cs\/wp-json\/wp\/v2\/media?parent=21742"}],"wp:term":[{"taxonomy":"product_brand","embeddable":true,"href":"https:\/\/team-meble.pl\/cs\/wp-json\/wp\/v2\/product_brand?post=21742"},{"taxonomy":"product_cat","embeddable":true,"href":"https:\/\/team-meble.pl\/cs\/wp-json\/wp\/v2\/product_cat?post=21742"},{"taxonomy":"product_tag","embeddable":true,"href":"https:\/\/team-meble.pl\/cs\/wp-json\/wp\/v2\/product_tag?post=21742"}],"curies":[{"name":"wp","href":"https:\/\/api.w.org\/{rel}","templated":true}]}}