{"id":22340,"date":"2025-05-19T12:08:51","date_gmt":"2025-05-19T12:08:51","guid":{"rendered":"https:\/\/team-meble.pl\/produkt\/vitrina-allmo-al4-meblar\/"},"modified":"2025-05-19T12:08:51","modified_gmt":"2025-05-19T12:08:51","slug":"vitrina-allmo-al4-meblar","status":"publish","type":"product","link":"https:\/\/team-meble.pl\/cs\/produkt\/vitrina-allmo-al4-meblar\/","title":{"rendered":"Vitr\u00edna Allmo AL4 Meblar"},"content":{"rendered":"<p>Kolekce n\u00e1bytku <strong>ALLMO<\/strong> byla navr\u017eena pro nejn\u00e1ro\u010dn\u011bj\u0161\u00ed z\u00e1kazn\u00edky. Kolekce ALLMO je n\u00e1bytek, kter\u00fd se skv\u011ble hod\u00ed do modern\u00edch, ale i klasick\u00fdch interi\u00e9r\u016f. <\/p>\n<p>N\u00e1bytek ALLMO je z\u00e1rukou kr\u00e1sn\u011b dokon\u010den\u00e9ho ob\u00fdvac\u00edho pokoje, ale p\u0159edev\u0161\u00edm mu dod\u00e1 charakter. D\u0159ev\u011bn\u00e1 \u010dela v kombinaci s antracitov\u00fdm vsazen\u00edm lamel bezpochyby vytvo\u0159\u00ed v m\u00edstnosti origin\u00e1ln\u00ed a modern\u00ed design. <\/p>\n<p>Kolekce m\u00e1 \u010dern\u00e9 \u00fachytky, kter\u00e9 v kombinaci s p\u0159\u00edrodn\u00ed barvou d\u0159eva vytv\u00e1\u0159ej\u00ed dojem tepl\u00e9ho a \u00fatuln\u00e9ho pokoje.<\/p>\n<div>\n<div>Knihovna m\u00e1 t\u0159i z\u00e1suvky na kuli\u010dkov\u00fdch pojezdech. Knihovna m\u00e1 jednu prostornou sk\u0159\u00ed\u0148ku dv\u011b police na knihy a jednu uzamykatelnou sk\u0159\u00ed\u0148ku. <\/div>\n<\/div>\n","protected":false},"excerpt":{"rendered":"<p>Rozm\u011bry:<\/p>\n<p>\u0160\u00ed\u0159ka &#8211; 80 cm<\/p>\n<p>Hloubka &#8211; 40 cm<\/p>\n<p>V\u00fd\u0161ka &#8211; 145 cm<\/p>\n","protected":false},"featured_media":22335,"comment_status":"open","ping_status":"closed","template":"","meta":{"_eb_attr":"","_uag_custom_page_level_css":"","site-sidebar-layout":"default","site-content-layout":"","ast-site-content-layout":"default","site-content-style":"default","site-sidebar-style":"default","ast-global-header-display":"","ast-banner-title-visibility":"","ast-main-header-display":"","ast-hfb-above-header-display":"","ast-hfb-below-header-display":"","ast-hfb-mobile-header-display":"","site-post-title":"","ast-breadcrumbs-content":"","ast-featured-img":"","footer-sml-layout":"","theme-transparent-header-meta":"default","adv-header-id-meta":"","stick-header-meta":"default","header-above-stick-meta":"","header-main-stick-meta":"","header-below-stick-meta":"","astra-migrate-meta-layouts":"default","ast-page-background-enabled":"default","ast-page-background-meta":{"desktop":{"background-color":"","background-image":"","background-repeat":"repeat","background-position":"center center","background-size":"auto","background-attachment":"scroll","background-type":"","background-media":"","overlay-type":"","overlay-color":"","overlay-opacity":"","overlay-gradient":""},"tablet":{"background-color":"","background-image":"","background-repeat":"repeat","background-position":"center center","background-size":"auto","background-attachment":"scroll","background-type":"","background-media":"","overlay-type":"","overlay-color":"","overlay-opacity":"","overlay-gradient":""},"mobile":{"background-color":"","background-image":"","background-repeat":"repeat","background-position":"center center","background-size":"auto","background-attachment":"scroll","background-type":"","background-media":"","overlay-type":"","overlay-color":"","overlay-opacity":"","overlay-gradient":""}},"ast-content-background-meta":{"desktop":{"background-color":"var(--ast-global-color-5)","background-image":"","background-repeat":"repeat","background-position":"center center","background-size":"auto","background-attachment":"scroll","background-type":"","background-media":"","overlay-type":"","overlay-color":"","overlay-opacity":"","overlay-gradient":""},"tablet":{"background-color":"var(--ast-global-color-5)","background-image":"","background-repeat":"repeat","background-position":"center center","background-size":"auto","background-attachment":"scroll","background-type":"","background-media":"","overlay-type":"","overlay-color":"","overlay-opacity":"","overlay-gradient":""},"mobile":{"background-color":"var(--ast-global-color-5)","background-image":"","background-repeat":"repeat","background-position":"center center","background-size":"auto","background-attachment":"scroll","background-type":"","background-media":"","overlay-type":"","overlay-color":"","overlay-opacity":"","overlay-gradient":""}}},"product_brand":[],"product_cat":[104,103,109],"product_tag":[],"class_list":{"0":"post-22340","1":"product","2":"type-product","3":"status-publish","4":"has-post-thumbnail","6":"product_cat-jidelna","7":"product_cat-salon-cs","8":"product_cat-vitriny","9":"desktop-align-left","10":"tablet-align-left","11":"mobile-align-left","12":"ast-product-gallery-layout-horizontal-slider","13":"ast-product-tabs-layout-horizontal","14":"ast-qv-on-image","16":"first","17":"onbackorder","18":"shipping-taxable","19":"purchasable","20":"product-type-simple"},"spectra_custom_meta":{"_iwo_price_last_change":["a:4:{s:5:\"price\";s:0:\"\";s:10:\"price_sale\";s:0:\"\";s:19:\"price_including_tax\";d:0;s:9:\"timestamp\";i:1747656542;}"],"_alp_processed":["1747656542"],"_wcml_average_rating":[null],"_wcml_review_count":[null],"_wcml_rating_count":[null],"_backorders":["no"],"_download_limit":["-1"],"_download_expiry":["-1"],"_downloadable":["no"],"_manage_stock":["no"],"_stock_status":["onbackorder"],"_sold_individually":["no"],"_tax_class":[""],"_tax_status":["taxable"],"_virtual":["no"],"total_sales":["0"],"_wpml_media_duplicate":["1"],"_wpml_media_featured":["1"],"stick-header-meta":["default"],"site-sidebar-layout":["default"],"theme-transparent-header-meta":["default"],"ast-site-content-layout":["default"],"site-content-style":["default"],"site-sidebar-style":["default"],"_downloadable_files":[""],"_product_attributes":["a:0:{}"],"_default_attributes":["a:0:{}"],"_thumbnail_id":["22335"],"_product_image_gallery":["22337"],"_upsell_ids":["a:0:{}"],"_crosssell_ids":["a:0:{}"],"_children":["a:0:{}"],"_wpml_word_count":["131"],"_uag_page_assets":["a:9:{s:3:\"css\";s:263:\".uag-blocks-common-selector{z-index:var(--z-index-desktop) !important}@media (max-width: 976px){.uag-blocks-common-selector{z-index:var(--z-index-tablet) !important}}@media (max-width: 767px){.uag-blocks-common-selector{z-index:var(--z-index-mobile) !important}}\n\";s:2:\"js\";s:0:\"\";s:18:\"current_block_list\";a:13:{i:0;s:11:\"core\/search\";i:1;s:10:\"core\/group\";i:2;s:12:\"core\/heading\";i:3;s:17:\"core\/latest-posts\";i:4;s:20:\"core\/latest-comments\";i:5;s:13:\"core\/archives\";i:6;s:15:\"core\/categories\";i:7;s:26:\"woocommerce\/filter-wrapper\";i:8;s:24:\"woocommerce\/price-filter\";i:9;s:30:\"woocommerce\/product-categories\";i:10;s:26:\"woocommerce\/active-filters\";i:11;s:23:\"essential-blocks\/social\";i:12;s:24:\"woocommerce\/stock-filter\";}s:8:\"uag_flag\";b:0;s:11:\"uag_version\";s:10:\"1776347603\";s:6:\"gfonts\";a:0:{}s:10:\"gfonts_url\";s:0:\"\";s:12:\"gfonts_files\";a:0:{}s:14:\"uag_faq_layout\";b:0;}"],"_eb_reusable_block_ids":["a:0:{}"],"_regular_price":[4839.3],"_price":[4839.3],"_uag_css_file_name":["uag-css-22340.css"],"_max_variation_price":[""],"_max_variation_regular_price":[""],"_max_variation_sale_price":[""],"_min_variation_price":[""],"_min_variation_regular_price":[""],"_min_variation_sale_price":[""],"_sale_price":[""],"_wc_rating_count":[""],"_wc_review_count":[""],"_wc_average_rating":[0]},"uagb_featured_image_src":{"full":["https:\/\/team-meble.pl\/wp-content\/uploads\/2025\/05\/oo.webp",185,324,false],"thumbnail":["https:\/\/team-meble.pl\/wp-content\/uploads\/2025\/05\/oo-150x150.webp",150,150,true],"medium":["https:\/\/team-meble.pl\/wp-content\/uploads\/2025\/05\/oo-171x300.webp",171,300,true],"medium_large":["https:\/\/team-meble.pl\/wp-content\/uploads\/2025\/05\/oo.webp",185,324,false],"large":["https:\/\/team-meble.pl\/wp-content\/uploads\/2025\/05\/oo.webp",185,324,false],"1536x1536":["https:\/\/team-meble.pl\/wp-content\/uploads\/2025\/05\/oo.webp",185,324,false],"2048x2048":["https:\/\/team-meble.pl\/wp-content\/uploads\/2025\/05\/oo.webp",185,324,false],"mailpoet_newsletter_max":["https:\/\/team-meble.pl\/wp-content\/uploads\/2025\/05\/oo.webp",185,324,false],"woocommerce_thumbnail":["https:\/\/team-meble.pl\/wp-content\/uploads\/2025\/05\/oo-185x300.webp",185,300,true],"woocommerce_single":["https:\/\/team-meble.pl\/wp-content\/uploads\/2025\/05\/oo.webp",185,324,false],"woocommerce_gallery_thumbnail":["https:\/\/team-meble.pl\/wp-content\/uploads\/2025\/05\/oo-100x100.webp",100,100,true]},"uagb_author_info":{"display_name":"Wiola","author_link":"https:\/\/team-meble.pl\/cs\/author\/"},"uagb_comment_info":0,"uagb_excerpt":"Rozm\u011bry: \u0160\u00ed\u0159ka - 80 cm Hloubka - 40 cm V\u00fd\u0161ka - 145 cm","_links":{"self":[{"href":"https:\/\/team-meble.pl\/cs\/wp-json\/wp\/v2\/product\/22340","targetHints":{"allow":["GET"]}}],"collection":[{"href":"https:\/\/team-meble.pl\/cs\/wp-json\/wp\/v2\/product"}],"about":[{"href":"https:\/\/team-meble.pl\/cs\/wp-json\/wp\/v2\/types\/product"}],"replies":[{"embeddable":true,"href":"https:\/\/team-meble.pl\/cs\/wp-json\/wp\/v2\/comments?post=22340"}],"wp:featuredmedia":[{"embeddable":true,"href":"https:\/\/team-meble.pl\/cs\/wp-json\/wp\/v2\/media\/22335"}],"wp:attachment":[{"href":"https:\/\/team-meble.pl\/cs\/wp-json\/wp\/v2\/media?parent=22340"}],"wp:term":[{"taxonomy":"product_brand","embeddable":true,"href":"https:\/\/team-meble.pl\/cs\/wp-json\/wp\/v2\/product_brand?post=22340"},{"taxonomy":"product_cat","embeddable":true,"href":"https:\/\/team-meble.pl\/cs\/wp-json\/wp\/v2\/product_cat?post=22340"},{"taxonomy":"product_tag","embeddable":true,"href":"https:\/\/team-meble.pl\/cs\/wp-json\/wp\/v2\/product_tag?post=22340"}],"curies":[{"name":"wp","href":"https:\/\/api.w.org\/{rel}","templated":true}]}}