{"id":22659,"date":"2025-05-23T09:24:23","date_gmt":"2025-05-23T09:24:23","guid":{"rendered":"https:\/\/team-meble.pl\/produkt\/komoda-windsor-w-3-jarstol-new\/"},"modified":"2025-05-23T09:25:23","modified_gmt":"2025-05-23T09:25:23","slug":"komoda-windsor-w-3-jarstol-new","status":"publish","type":"product","link":"https:\/\/team-meble.pl\/cs\/produkt\/komoda-windsor-w-3-jarstol-new\/","title":{"rendered":"Komoda Windsor W-3 Jarstol New!"},"content":{"rendered":"<p>Kolekce <strong>WINDSOR<\/strong> je poctou nad\u010dasov\u00e9 eleganci. Inspirov\u00e1na klasick\u00fdm <strong>\u0159emesln\u00fdm zpracov\u00e1n\u00edm<\/strong>, ale p\u0159izp\u016fsobena <strong>modern\u00edm<\/strong> interi\u00e9r\u016fm, kombinuje teplo p\u0159\u00edrodn\u00edho d\u0159eva s jemn\u00fdmi t\u00f3ny <strong>ka\u0161m\u00edru<\/strong>. Jedn\u00e1 se o n\u00e1bytek, kter\u00fd vytv\u00e1\u0159\u00ed domov pln\u00fd <strong>harmonie<\/strong> &#8211; m\u00edsto, kde m\u00e1 ka\u017ed\u00fd p\u0159edm\u011bt sv\u016fj p\u0159\u00edb\u011bh. Zav\u0159ete z\u00e1suvku a poc\u00edt\u00edte uspokojen\u00ed z tich\u00e9ho zav\u0159en\u00ed. Otev\u0159ete vitr\u00ednu a vystavte to, co je pro v\u00e1s nejd\u016fle\u017eit\u011bj\u0161\u00ed. <strong>V\u00e1\u0161 domov, va\u0161e vzpom\u00ednky, v\u00e1\u0161 WINDSOR<\/strong>.    <\/p>\n<p>Windsor-3 je komoda, kter\u00e1 kombinuje klasick\u00fd styl s modern\u00ed funk\u010dnost\u00ed a nab\u00edz\u00ed maxim\u00e1ln\u00ed \u00falo\u017en\u00fd komfort. D\u00edky \u0161esti objemn\u00fdm z\u00e1suvk\u00e1m, symetricky uspo\u0159\u00e1dan\u00fdm po t\u0159ech na ka\u017ed\u00e9 stran\u011b, poskytuje dokonal\u00fd po\u0159\u00e1dek a snadn\u00fd p\u0159\u00edstup ke v\u0161em va\u0161im nezbytnostem. <\/p>\n","protected":false},"excerpt":{"rendered":"<p>\u0160\u00ed\u0159ka &#8211; 135,5<\/p>\n<p>Hloubka &#8211; 40,5 cm<\/p>\n<p>V\u00fd\u0161ka &#8211; 100 cm<\/p>\n","protected":false},"featured_media":22650,"comment_status":"open","ping_status":"closed","template":"","meta":{"_eb_attr":"","_uag_custom_page_level_css":"","site-sidebar-layout":"default","site-content-layout":"","ast-site-content-layout":"default","site-content-style":"default","site-sidebar-style":"default","ast-global-header-display":"","ast-banner-title-visibility":"","ast-main-header-display":"","ast-hfb-above-header-display":"","ast-hfb-below-header-display":"","ast-hfb-mobile-header-display":"","site-post-title":"","ast-breadcrumbs-content":"","ast-featured-img":"","footer-sml-layout":"","theme-transparent-header-meta":"default","adv-header-id-meta":"","stick-header-meta":"default","header-above-stick-meta":"","header-main-stick-meta":"","header-below-stick-meta":"","astra-migrate-meta-layouts":"default","ast-page-background-enabled":"default","ast-page-background-meta":{"desktop":{"background-color":"","background-image":"","background-repeat":"repeat","background-position":"center center","background-size":"auto","background-attachment":"scroll","background-type":"","background-media":"","overlay-type":"","overlay-color":"","overlay-opacity":"","overlay-gradient":""},"tablet":{"background-color":"","background-image":"","background-repeat":"repeat","background-position":"center center","background-size":"auto","background-attachment":"scroll","background-type":"","background-media":"","overlay-type":"","overlay-color":"","overlay-opacity":"","overlay-gradient":""},"mobile":{"background-color":"","background-image":"","background-repeat":"repeat","background-position":"center center","background-size":"auto","background-attachment":"scroll","background-type":"","background-media":"","overlay-type":"","overlay-color":"","overlay-opacity":"","overlay-gradient":""}},"ast-content-background-meta":{"desktop":{"background-color":"var(--ast-global-color-5)","background-image":"","background-repeat":"repeat","background-position":"center center","background-size":"auto","background-attachment":"scroll","background-type":"","background-media":"","overlay-type":"","overlay-color":"","overlay-opacity":"","overlay-gradient":""},"tablet":{"background-color":"var(--ast-global-color-5)","background-image":"","background-repeat":"repeat","background-position":"center center","background-size":"auto","background-attachment":"scroll","background-type":"","background-media":"","overlay-type":"","overlay-color":"","overlay-opacity":"","overlay-gradient":""},"mobile":{"background-color":"var(--ast-global-color-5)","background-image":"","background-repeat":"repeat","background-position":"center center","background-size":"auto","background-attachment":"scroll","background-type":"","background-media":"","overlay-type":"","overlay-color":"","overlay-opacity":"","overlay-gradient":""}}},"product_brand":[],"product_cat":[104,103,132,108],"product_tag":[],"class_list":{"0":"post-22659","1":"product","2":"type-product","3":"status-publish","4":"has-post-thumbnail","6":"product_cat-jidelna","7":"product_cat-salon-cs","8":"product_cat-kancelar","9":"product_cat-komody-cs","10":"desktop-align-left","11":"tablet-align-left","12":"mobile-align-left","13":"ast-product-gallery-layout-horizontal-slider","14":"ast-product-tabs-layout-horizontal","15":"ast-qv-on-image","17":"first","18":"onbackorder","19":"shipping-taxable","20":"purchasable","21":"product-type-simple"},"spectra_custom_meta":{"_iwo_price_last_change":["a:4:{s:5:\"price\";s:0:\"\";s:10:\"price_sale\";s:0:\"\";s:19:\"price_including_tax\";d:0;s:9:\"timestamp\";i:1747992274;}"],"_alp_processed":["1747992323"],"_wcml_average_rating":[null],"_wcml_review_count":[null],"_wcml_rating_count":[null],"_backorders":["no"],"_download_limit":["-1"],"_download_expiry":["-1"],"_downloadable":["no"],"_manage_stock":["no"],"_stock_status":["onbackorder"],"_sold_individually":["no"],"_tax_class":[""],"_tax_status":["taxable"],"_virtual":["no"],"total_sales":["0"],"_wpml_media_duplicate":["1"],"_wpml_media_featured":["1"],"stick-header-meta":["default"],"site-sidebar-layout":["default"],"theme-transparent-header-meta":["default"],"ast-site-content-layout":["default"],"site-content-style":["default"],"site-sidebar-style":["default"],"_downloadable_files":[""],"_product_attributes":["a:0:{}"],"_default_attributes":["a:0:{}"],"_thumbnail_id":["22650"],"_product_image_gallery":["22654,22656,22623,22625,22627,22652"],"_upsell_ids":["a:0:{}"],"_crosssell_ids":["a:0:{}"],"_children":["a:0:{}"],"_wpml_word_count":["150"],"_last_translation_edit_mode":["translation-editor"],"_regular_price":[9114.3],"_price":[9114.3],"_eb_reusable_block_ids":["a:0:{}"],"_uag_page_assets":["a:9:{s:3:\"css\";s:263:\".uag-blocks-common-selector{z-index:var(--z-index-desktop) !important}@media (max-width: 976px){.uag-blocks-common-selector{z-index:var(--z-index-tablet) !important}}@media (max-width: 767px){.uag-blocks-common-selector{z-index:var(--z-index-mobile) !important}}\n\";s:2:\"js\";s:0:\"\";s:18:\"current_block_list\";a:13:{i:0;s:11:\"core\/search\";i:1;s:10:\"core\/group\";i:2;s:12:\"core\/heading\";i:3;s:17:\"core\/latest-posts\";i:4;s:20:\"core\/latest-comments\";i:5;s:13:\"core\/archives\";i:6;s:15:\"core\/categories\";i:7;s:26:\"woocommerce\/filter-wrapper\";i:8;s:24:\"woocommerce\/price-filter\";i:9;s:30:\"woocommerce\/product-categories\";i:10;s:26:\"woocommerce\/active-filters\";i:11;s:23:\"essential-blocks\/social\";i:12;s:24:\"woocommerce\/stock-filter\";}s:8:\"uag_flag\";b:0;s:11:\"uag_version\";s:10:\"1776813793\";s:6:\"gfonts\";a:0:{}s:10:\"gfonts_url\";s:0:\"\";s:12:\"gfonts_files\";a:0:{}s:14:\"uag_faq_layout\";b:0;}"],"_uag_css_file_name":["uag-css-22659.css"],"_max_variation_price":[""],"_max_variation_regular_price":[""],"_max_variation_sale_price":[""],"_min_variation_price":[""],"_min_variation_regular_price":[""],"_min_variation_sale_price":[""],"_sale_price":[""],"_wc_rating_count":[""],"_wc_review_count":[""],"_wc_average_rating":[0]},"uagb_featured_image_src":{"full":["https:\/\/team-meble.pl\/wp-content\/uploads\/2025\/05\/WINDSOR_3-1200x1200-1.webp",1200,1200,false],"thumbnail":["https:\/\/team-meble.pl\/wp-content\/uploads\/2025\/05\/WINDSOR_3-1200x1200-1-150x150.webp",150,150,true],"medium":["https:\/\/team-meble.pl\/wp-content\/uploads\/2025\/05\/WINDSOR_3-1200x1200-1-300x300.webp",300,300,true],"medium_large":["https:\/\/team-meble.pl\/wp-content\/uploads\/2025\/05\/WINDSOR_3-1200x1200-1-768x768.webp",768,768,true],"large":["https:\/\/team-meble.pl\/wp-content\/uploads\/2025\/05\/WINDSOR_3-1200x1200-1-1024x1024.webp",1024,1024,true],"1536x1536":["https:\/\/team-meble.pl\/wp-content\/uploads\/2025\/05\/WINDSOR_3-1200x1200-1.webp",1200,1200,false],"2048x2048":["https:\/\/team-meble.pl\/wp-content\/uploads\/2025\/05\/WINDSOR_3-1200x1200-1.webp",1200,1200,false],"mailpoet_newsletter_max":["https:\/\/team-meble.pl\/wp-content\/uploads\/2025\/05\/WINDSOR_3-1200x1200-1.webp",1200,1200,false],"woocommerce_thumbnail":["https:\/\/team-meble.pl\/wp-content\/uploads\/2025\/05\/WINDSOR_3-1200x1200-1-300x300.webp",300,300,true],"woocommerce_single":["https:\/\/team-meble.pl\/wp-content\/uploads\/2025\/05\/WINDSOR_3-1200x1200-1-300x300.webp",300,300,true],"woocommerce_gallery_thumbnail":["https:\/\/team-meble.pl\/wp-content\/uploads\/2025\/05\/WINDSOR_3-1200x1200-1-100x100.webp",100,100,true]},"uagb_author_info":{"display_name":"Wiola","author_link":"https:\/\/team-meble.pl\/cs\/author\/"},"uagb_comment_info":0,"uagb_excerpt":"\u0160\u00ed\u0159ka - 135,5 Hloubka - 40,5 cm V\u00fd\u0161ka - 100 cm","_links":{"self":[{"href":"https:\/\/team-meble.pl\/cs\/wp-json\/wp\/v2\/product\/22659","targetHints":{"allow":["GET"]}}],"collection":[{"href":"https:\/\/team-meble.pl\/cs\/wp-json\/wp\/v2\/product"}],"about":[{"href":"https:\/\/team-meble.pl\/cs\/wp-json\/wp\/v2\/types\/product"}],"replies":[{"embeddable":true,"href":"https:\/\/team-meble.pl\/cs\/wp-json\/wp\/v2\/comments?post=22659"}],"wp:featuredmedia":[{"embeddable":true,"href":"https:\/\/team-meble.pl\/cs\/wp-json\/wp\/v2\/media\/22650"}],"wp:attachment":[{"href":"https:\/\/team-meble.pl\/cs\/wp-json\/wp\/v2\/media?parent=22659"}],"wp:term":[{"taxonomy":"product_brand","embeddable":true,"href":"https:\/\/team-meble.pl\/cs\/wp-json\/wp\/v2\/product_brand?post=22659"},{"taxonomy":"product_cat","embeddable":true,"href":"https:\/\/team-meble.pl\/cs\/wp-json\/wp\/v2\/product_cat?post=22659"},{"taxonomy":"product_tag","embeddable":true,"href":"https:\/\/team-meble.pl\/cs\/wp-json\/wp\/v2\/product_tag?post=22659"}],"curies":[{"name":"wp","href":"https:\/\/api.w.org\/{rel}","templated":true}]}}