{"id":22999,"date":"2025-06-06T14:14:30","date_gmt":"2025-06-06T14:14:30","guid":{"rendered":"https:\/\/team-meble.pl\/produkt\/komoda-jazz-4s\/"},"modified":"2025-06-06T14:14:30","modified_gmt":"2025-06-06T14:14:30","slug":"komoda-jazz-4s","status":"publish","type":"product","link":"https:\/\/team-meble.pl\/cs\/produkt\/komoda-jazz-4s\/","title":{"rendered":"Komoda Jazz 4s"},"content":{"rendered":"<p><strong>Komoda se z\u00e1suvkami do pokoje pro mlad\u00e9 JAZZ 4S Mebel Bos je jedn\u00edm z t\u011bch kus\u016f n\u00e1bytku, kter\u00e9 by nem\u011bly chyb\u011bt v \u017e\u00e1dn\u00e9m byt\u011b.<\/strong>  Navrhovan\u00e9 \u0159e\u0161en\u00ed jist\u011b prom\u011bn\u00ed mnoho interi\u00e9r\u016f. Je jemn\u00e9 a klasick\u00e9, tak\u017ee si m\u016f\u017eete b\u00fdt jisti, \u017ee upraven\u00fd prostor se stane elegantn\u00edm a z\u00e1rove\u0148 jedine\u010dn\u00fdm. Nav\u00edc je t\u0159eba poznamenat, \u017ee<strong> komoda JAZZ 4S od spole\u010dnosti Mebel Bos je funk\u010dn\u00ed &#8211; je vybavena \u010dty\u0159mi objemn\u00fdmi z\u00e1suvkami bez \u00fachyt\u016f, kter\u00e9 lze otev\u00edrat pomoc\u00ed p\u0159\u00ed\u0159ez\u016f.<\/strong> Nav\u00edc je vybavena kuli\u010dkov\u00fdm v\u00fdsuvem, kter\u00fd v\u00fdrazn\u011b usnad\u0148uje otev\u00edr\u00e1n\u00ed a zav\u00edr\u00e1n\u00ed z\u00e1suvek. D\u00edky nim v\u00e1m uspo\u0159\u00e1d\u00e1n\u00ed prostoru va\u0161eho pokoje, ob\u00fdvac\u00edho pokoje nebo pracovny zabere jen p\u00e1r okam\u017eik\u016f a uspo\u0159\u00e1d\u00e1n\u00ed v\u011bc\u00ed v nich nebude v\u016fbec \u017e\u00e1dn\u00fd probl\u00e9m.   <\/p>\n","protected":false},"excerpt":{"rendered":"<p>Rozm\u011bry:<\/p>\n<p>\u0160\u00ed\u0159ka &#8211; 86,6 cm<\/p>\n<p>Hloubka &#8211; 40,3 cm<\/p>\n<p>V\u00fd\u0161ka &#8211; 86,6 cm<\/p>\n","protected":false},"featured_media":22994,"comment_status":"open","ping_status":"closed","template":"","meta":{"_eb_attr":"","_uag_custom_page_level_css":"","site-sidebar-layout":"default","site-content-layout":"","ast-site-content-layout":"default","site-content-style":"default","site-sidebar-style":"default","ast-global-header-display":"","ast-banner-title-visibility":"","ast-main-header-display":"","ast-hfb-above-header-display":"","ast-hfb-below-header-display":"","ast-hfb-mobile-header-display":"","site-post-title":"","ast-breadcrumbs-content":"","ast-featured-img":"","footer-sml-layout":"","theme-transparent-header-meta":"default","adv-header-id-meta":"","stick-header-meta":"default","header-above-stick-meta":"","header-main-stick-meta":"","header-below-stick-meta":"","astra-migrate-meta-layouts":"default","ast-page-background-enabled":"default","ast-page-background-meta":{"desktop":{"background-color":"","background-image":"","background-repeat":"repeat","background-position":"center center","background-size":"auto","background-attachment":"scroll","background-type":"","background-media":"","overlay-type":"","overlay-color":"","overlay-opacity":"","overlay-gradient":""},"tablet":{"background-color":"","background-image":"","background-repeat":"repeat","background-position":"center center","background-size":"auto","background-attachment":"scroll","background-type":"","background-media":"","overlay-type":"","overlay-color":"","overlay-opacity":"","overlay-gradient":""},"mobile":{"background-color":"","background-image":"","background-repeat":"repeat","background-position":"center center","background-size":"auto","background-attachment":"scroll","background-type":"","background-media":"","overlay-type":"","overlay-color":"","overlay-opacity":"","overlay-gradient":""}},"ast-content-background-meta":{"desktop":{"background-color":"var(--ast-global-color-5)","background-image":"","background-repeat":"repeat","background-position":"center center","background-size":"auto","background-attachment":"scroll","background-type":"","background-media":"","overlay-type":"","overlay-color":"","overlay-opacity":"","overlay-gradient":""},"tablet":{"background-color":"var(--ast-global-color-5)","background-image":"","background-repeat":"repeat","background-position":"center center","background-size":"auto","background-attachment":"scroll","background-type":"","background-media":"","overlay-type":"","overlay-color":"","overlay-opacity":"","overlay-gradient":""},"mobile":{"background-color":"var(--ast-global-color-5)","background-image":"","background-repeat":"repeat","background-position":"center center","background-size":"auto","background-attachment":"scroll","background-type":"","background-media":"","overlay-type":"","overlay-color":"","overlay-opacity":"","overlay-gradient":""}}},"product_brand":[],"product_cat":[93,104,94,105,103,132,108],"product_tag":[],"class_list":{"0":"post-22999","1":"product","2":"type-product","3":"status-publish","4":"has-post-thumbnail","6":"product_cat-detsky-pokoj","7":"product_cat-jidelna","8":"product_cat-loznice","9":"product_cat-predsin","10":"product_cat-salon-cs","11":"product_cat-kancelar","12":"product_cat-komody-cs","13":"desktop-align-left","14":"tablet-align-left","15":"mobile-align-left","16":"ast-product-gallery-layout-horizontal-slider","17":"ast-product-tabs-layout-horizontal","18":"ast-qv-on-image","20":"first","21":"onbackorder","22":"shipping-taxable","23":"purchasable","24":"product-type-simple"},"spectra_custom_meta":{"_iwo_price_last_change":["a:4:{s:5:\"price\";s:0:\"\";s:10:\"price_sale\";s:0:\"\";s:19:\"price_including_tax\";d:0;s:9:\"timestamp\";i:1749219278;}"],"_alp_processed":["1749219278"],"_wcml_average_rating":[null],"_wcml_review_count":[null],"_wcml_rating_count":[null],"_backorders":["no"],"_download_limit":["-1"],"_download_expiry":["-1"],"_downloadable":["no"],"_manage_stock":["no"],"_stock_status":["onbackorder"],"_sold_individually":["no"],"_tax_class":[""],"_tax_status":["taxable"],"_virtual":["no"],"total_sales":["0"],"_wpml_media_duplicate":["1"],"_wpml_media_featured":["1"],"stick-header-meta":["default"],"site-sidebar-layout":["default"],"theme-transparent-header-meta":["default"],"ast-site-content-layout":["default"],"site-content-style":["default"],"site-sidebar-style":["default"],"_downloadable_files":[""],"_thumbnail_id":["22994"],"_product_image_gallery":["22996"],"_crosssell_ids":["a:0:{}"],"_wpml_word_count":["147"],"_eb_reusable_block_ids":["a:0:{}"],"_uag_page_assets":["a:9:{s:3:\"css\";s:263:\".uag-blocks-common-selector{z-index:var(--z-index-desktop) !important}@media (max-width: 976px){.uag-blocks-common-selector{z-index:var(--z-index-tablet) !important}}@media (max-width: 767px){.uag-blocks-common-selector{z-index:var(--z-index-mobile) !important}}\n\";s:2:\"js\";s:0:\"\";s:18:\"current_block_list\";a:13:{i:0;s:11:\"core\/search\";i:1;s:10:\"core\/group\";i:2;s:12:\"core\/heading\";i:3;s:17:\"core\/latest-posts\";i:4;s:20:\"core\/latest-comments\";i:5;s:13:\"core\/archives\";i:6;s:15:\"core\/categories\";i:7;s:26:\"woocommerce\/filter-wrapper\";i:8;s:24:\"woocommerce\/price-filter\";i:9;s:30:\"woocommerce\/product-categories\";i:10;s:26:\"woocommerce\/active-filters\";i:11;s:23:\"essential-blocks\/social\";i:12;s:24:\"woocommerce\/stock-filter\";}s:8:\"uag_flag\";b:0;s:11:\"uag_version\";s:10:\"1776798317\";s:6:\"gfonts\";a:0:{}s:10:\"gfonts_url\";s:0:\"\";s:12:\"gfonts_files\";a:0:{}s:14:\"uag_faq_layout\";b:0;}"],"_regular_price":[3585.3],"_price":[3585.3],"_uag_css_file_name":["uag-css-22999.css"],"_max_variation_price":[""],"_max_variation_regular_price":[""],"_max_variation_sale_price":[""],"_min_variation_price":[""],"_min_variation_regular_price":[""],"_min_variation_sale_price":[""],"_sale_price":[""],"_wc_rating_count":[""],"_wc_review_count":[""],"_wc_average_rating":[0]},"uagb_featured_image_src":{"full":["https:\/\/team-meble.pl\/wp-content\/uploads\/2025\/06\/system-jazz-komoda-4s-kasztan-nairobi-onyx0_fcut.jpg.wq90.webp",641,695,false],"thumbnail":["https:\/\/team-meble.pl\/wp-content\/uploads\/2025\/06\/system-jazz-komoda-4s-kasztan-nairobi-onyx0_fcut.jpg.wq90-150x150.webp",150,150,true],"medium":["https:\/\/team-meble.pl\/wp-content\/uploads\/2025\/06\/system-jazz-komoda-4s-kasztan-nairobi-onyx0_fcut.jpg.wq90-277x300.webp",277,300,true],"medium_large":["https:\/\/team-meble.pl\/wp-content\/uploads\/2025\/06\/system-jazz-komoda-4s-kasztan-nairobi-onyx0_fcut.jpg.wq90.webp",641,695,false],"large":["https:\/\/team-meble.pl\/wp-content\/uploads\/2025\/06\/system-jazz-komoda-4s-kasztan-nairobi-onyx0_fcut.jpg.wq90.webp",641,695,false],"1536x1536":["https:\/\/team-meble.pl\/wp-content\/uploads\/2025\/06\/system-jazz-komoda-4s-kasztan-nairobi-onyx0_fcut.jpg.wq90.webp",641,695,false],"2048x2048":["https:\/\/team-meble.pl\/wp-content\/uploads\/2025\/06\/system-jazz-komoda-4s-kasztan-nairobi-onyx0_fcut.jpg.wq90.webp",641,695,false],"mailpoet_newsletter_max":["https:\/\/team-meble.pl\/wp-content\/uploads\/2025\/06\/system-jazz-komoda-4s-kasztan-nairobi-onyx0_fcut.jpg.wq90.webp",641,695,false],"woocommerce_thumbnail":["https:\/\/team-meble.pl\/wp-content\/uploads\/2025\/06\/system-jazz-komoda-4s-kasztan-nairobi-onyx0_fcut.jpg.wq90-300x300.webp",300,300,true],"woocommerce_single":["https:\/\/team-meble.pl\/wp-content\/uploads\/2025\/06\/system-jazz-komoda-4s-kasztan-nairobi-onyx0_fcut.jpg.wq90-300x325.webp",300,325,true],"woocommerce_gallery_thumbnail":["https:\/\/team-meble.pl\/wp-content\/uploads\/2025\/06\/system-jazz-komoda-4s-kasztan-nairobi-onyx0_fcut.jpg.wq90-100x100.webp",100,100,true]},"uagb_author_info":{"display_name":"Wiola","author_link":"https:\/\/team-meble.pl\/cs\/author\/"},"uagb_comment_info":0,"uagb_excerpt":"Rozm\u011bry: \u0160\u00ed\u0159ka - 86,6 cm Hloubka - 40,3 cm V\u00fd\u0161ka - 86,6 cm","_links":{"self":[{"href":"https:\/\/team-meble.pl\/cs\/wp-json\/wp\/v2\/product\/22999","targetHints":{"allow":["GET"]}}],"collection":[{"href":"https:\/\/team-meble.pl\/cs\/wp-json\/wp\/v2\/product"}],"about":[{"href":"https:\/\/team-meble.pl\/cs\/wp-json\/wp\/v2\/types\/product"}],"replies":[{"embeddable":true,"href":"https:\/\/team-meble.pl\/cs\/wp-json\/wp\/v2\/comments?post=22999"}],"wp:featuredmedia":[{"embeddable":true,"href":"https:\/\/team-meble.pl\/cs\/wp-json\/wp\/v2\/media\/22994"}],"wp:attachment":[{"href":"https:\/\/team-meble.pl\/cs\/wp-json\/wp\/v2\/media?parent=22999"}],"wp:term":[{"taxonomy":"product_brand","embeddable":true,"href":"https:\/\/team-meble.pl\/cs\/wp-json\/wp\/v2\/product_brand?post=22999"},{"taxonomy":"product_cat","embeddable":true,"href":"https:\/\/team-meble.pl\/cs\/wp-json\/wp\/v2\/product_cat?post=22999"},{"taxonomy":"product_tag","embeddable":true,"href":"https:\/\/team-meble.pl\/cs\/wp-json\/wp\/v2\/product_tag?post=22999"}],"curies":[{"name":"wp","href":"https:\/\/api.w.org\/{rel}","templated":true}]}}