{"id":23085,"date":"2025-06-13T10:06:54","date_gmt":"2025-06-13T10:06:54","guid":{"rendered":"https:\/\/team-meble.pl\/produkt\/postel-bardo-160x200-s-kontejnerem-na-lozni-pradlo\/"},"modified":"2025-07-08T10:10:16","modified_gmt":"2025-07-08T10:10:16","slug":"postel-bardo-160x200-s-kontejnerem-na-lozni-pradlo","status":"publish","type":"product","link":"https:\/\/team-meble.pl\/cs\/produkt\/postel-bardo-160x200-s-kontejnerem-na-lozni-pradlo\/","title":{"rendered":"Postel Bardo 140&#215;200 s kontejnerem na lo\u017en\u00ed pr\u00e1dlo"},"content":{"rendered":"<p>Postel <strong>Bardo<\/strong> je elegantn\u00ed \u010daloun\u011bn\u00e1 postel, kter\u00e1 kombinuje <strong>pohodl\u00ed<\/strong> s modern\u00edm stylem. D\u00edky promy\u0161len\u00e9mu designu a r\u016fzn\u00fdm rozm\u011br\u016fm a mo\u017enostem personalizace dokonale zapadne do pot\u0159eb ka\u017ed\u00e9 lo\u017enice. <\/p>\n<ol>\n<li>\u00dalo\u017en\u00fd prostor na <strong>l\u016f\u017ekoviny<\/strong> &#8211; vestav\u011bn\u00fd \u00falo\u017en\u00fd prostor na l\u016f\u017ekoviny poskytuje dal\u0161\u00ed \u00falo\u017en\u00fd prostor.<\/li>\n<li><strong>V\u010detn\u011b r\u00e1mu<\/strong> &#8211; stabiln\u00ed z\u00e1kladna pro dlouhou \u017eivotnost a pohodl\u00ed p\u0159i sp\u00e1nku.<\/li>\n<li><strong>Plynov\u00e9 v\u00fdtahy<\/strong> &#8211; usnad\u0148uj\u00ed p\u0159\u00edstup k z\u00e1sobn\u00edku a zaru\u010duj\u00ed tich\u00fd a bezprobl\u00e9mov\u00fd provoz.<\/li>\n<\/ol>\n","protected":false},"excerpt":{"rendered":"<p>Rozm\u011bry:<\/p>\n<p>\u0160\u00ed\u0159ka &#8211; 150 cm<\/p>\n<p>Hloubka &#8211; 218 cm<\/p>\n<p>V\u00fd\u0161ka &#8211; 94 cm<\/p>\n<p>Plocha na span\u00ed 140&#215;200.<\/p>\n","protected":false},"featured_media":23082,"comment_status":"open","ping_status":"closed","template":"","meta":{"_eb_attr":"","_uag_custom_page_level_css":"","site-sidebar-layout":"default","site-content-layout":"","ast-site-content-layout":"default","site-content-style":"default","site-sidebar-style":"default","ast-global-header-display":"","ast-banner-title-visibility":"","ast-main-header-display":"","ast-hfb-above-header-display":"","ast-hfb-below-header-display":"","ast-hfb-mobile-header-display":"","site-post-title":"","ast-breadcrumbs-content":"","ast-featured-img":"","footer-sml-layout":"","theme-transparent-header-meta":"default","adv-header-id-meta":"","stick-header-meta":"default","header-above-stick-meta":"","header-main-stick-meta":"","header-below-stick-meta":"","astra-migrate-meta-layouts":"default","ast-page-background-enabled":"default","ast-page-background-meta":{"desktop":{"background-color":"","background-image":"","background-repeat":"repeat","background-position":"center center","background-size":"auto","background-attachment":"scroll","background-type":"","background-media":"","overlay-type":"","overlay-color":"","overlay-opacity":"","overlay-gradient":""},"tablet":{"background-color":"","background-image":"","background-repeat":"repeat","background-position":"center center","background-size":"auto","background-attachment":"scroll","background-type":"","background-media":"","overlay-type":"","overlay-color":"","overlay-opacity":"","overlay-gradient":""},"mobile":{"background-color":"","background-image":"","background-repeat":"repeat","background-position":"center center","background-size":"auto","background-attachment":"scroll","background-type":"","background-media":"","overlay-type":"","overlay-color":"","overlay-opacity":"","overlay-gradient":""}},"ast-content-background-meta":{"desktop":{"background-color":"var(--ast-global-color-5)","background-image":"","background-repeat":"repeat","background-position":"center center","background-size":"auto","background-attachment":"scroll","background-type":"","background-media":"","overlay-type":"","overlay-color":"","overlay-opacity":"","overlay-gradient":""},"tablet":{"background-color":"var(--ast-global-color-5)","background-image":"","background-repeat":"repeat","background-position":"center center","background-size":"auto","background-attachment":"scroll","background-type":"","background-media":"","overlay-type":"","overlay-color":"","overlay-opacity":"","overlay-gradient":""},"mobile":{"background-color":"var(--ast-global-color-5)","background-image":"","background-repeat":"repeat","background-position":"center center","background-size":"auto","background-attachment":"scroll","background-type":"","background-media":"","overlay-type":"","overlay-color":"","overlay-opacity":"","overlay-gradient":""}}},"product_brand":[],"product_cat":[94,121],"product_tag":[],"class_list":{"0":"post-23085","1":"product","2":"type-product","3":"status-publish","4":"has-post-thumbnail","6":"product_cat-loznice","7":"product_cat-postele","8":"desktop-align-left","9":"tablet-align-left","10":"mobile-align-left","11":"ast-product-gallery-layout-horizontal-slider","12":"ast-product-gallery-with-no-image","13":"ast-product-tabs-layout-horizontal","14":"ast-qv-on-image","16":"first","17":"onbackorder","18":"shipping-taxable","19":"purchasable","20":"product-type-simple"},"spectra_custom_meta":{"_iwo_price_last_change":["a:4:{s:5:\"price\";s:4:\"2499\";s:10:\"price_sale\";s:4:\"2199\";s:19:\"price_including_tax\";d:2199;s:9:\"timestamp\";i:1751969352;}"],"_alp_processed":["1751969416"],"_wcml_average_rating":[null],"_wcml_review_count":[null],"_wcml_rating_count":[null],"_backorders":["no"],"_download_limit":["-1"],"_download_expiry":["-1"],"_downloadable":["no"],"_manage_stock":["no"],"_stock_status":["onbackorder"],"_sold_individually":["no"],"_tax_class":[""],"_tax_status":["taxable"],"_virtual":["no"],"total_sales":["0"],"_wpml_media_duplicate":["1"],"_wpml_media_featured":["1"],"stick-header-meta":["default"],"site-sidebar-layout":["default"],"theme-transparent-header-meta":["default"],"ast-site-content-layout":["default"],"site-content-style":["default"],"site-sidebar-style":["default"],"_downloadable_files":[""],"_product_attributes":["a:0:{}"],"_default_attributes":["a:0:{}"],"_thumbnail_id":["23082"],"_product_image_gallery":[""],"_upsell_ids":["a:0:{}"],"_crosssell_ids":["a:0:{}"],"_children":["a:0:{}"],"_wpml_word_count":["110"],"_regular_price":[14244.3],"_eb_reusable_block_ids":["a:0:{}"],"_iwo_price_log":["a:4:{s:5:\"price\";s:4:\"2499\";s:10:\"price_sale\";s:4:\"2199\";s:19:\"price_including_tax\";d:2199;s:9:\"timestamp\";i:1751969352;}"],"_last_translation_edit_mode":["translation-editor"],"_uag_page_assets":["a:9:{s:3:\"css\";s:263:\".uag-blocks-common-selector{z-index:var(--z-index-desktop) !important}@media (max-width: 976px){.uag-blocks-common-selector{z-index:var(--z-index-tablet) !important}}@media (max-width: 767px){.uag-blocks-common-selector{z-index:var(--z-index-mobile) !important}}\n\";s:2:\"js\";s:0:\"\";s:18:\"current_block_list\";a:13:{i:0;s:11:\"core\/search\";i:1;s:10:\"core\/group\";i:2;s:12:\"core\/heading\";i:3;s:17:\"core\/latest-posts\";i:4;s:20:\"core\/latest-comments\";i:5;s:13:\"core\/archives\";i:6;s:15:\"core\/categories\";i:7;s:26:\"woocommerce\/filter-wrapper\";i:8;s:24:\"woocommerce\/price-filter\";i:9;s:30:\"woocommerce\/product-categories\";i:10;s:26:\"woocommerce\/active-filters\";i:11;s:23:\"essential-blocks\/social\";i:12;s:24:\"woocommerce\/stock-filter\";}s:8:\"uag_flag\";b:0;s:11:\"uag_version\";s:10:\"1776517125\";s:6:\"gfonts\";a:0:{}s:10:\"gfonts_url\";s:0:\"\";s:12:\"gfonts_files\";a:0:{}s:14:\"uag_faq_layout\";b:0;}"],"_sale_price":[""],"_price":[14244.3],"_max_variation_price":[""],"_max_variation_regular_price":[""],"_max_variation_sale_price":[""],"_min_variation_price":[""],"_min_variation_regular_price":[""],"_min_variation_sale_price":[""],"_wc_rating_count":[""],"_wc_review_count":[""],"_wc_average_rating":[0]},"uagb_featured_image_src":{"full":["https:\/\/team-meble.pl\/wp-content\/uploads\/2025\/06\/OZKO-BARDO-AMS-LINE.jpg",1401,1018,false],"thumbnail":["https:\/\/team-meble.pl\/wp-content\/uploads\/2025\/06\/OZKO-BARDO-AMS-LINE-150x150.jpg",150,150,true],"medium":["https:\/\/team-meble.pl\/wp-content\/uploads\/2025\/06\/OZKO-BARDO-AMS-LINE-300x218.jpg",300,218,true],"medium_large":["https:\/\/team-meble.pl\/wp-content\/uploads\/2025\/06\/OZKO-BARDO-AMS-LINE-768x558.jpg",768,558,true],"large":["https:\/\/team-meble.pl\/wp-content\/uploads\/2025\/06\/OZKO-BARDO-AMS-LINE-1024x744.jpg",1024,744,true],"1536x1536":["https:\/\/team-meble.pl\/wp-content\/uploads\/2025\/06\/OZKO-BARDO-AMS-LINE.jpg",1401,1018,false],"2048x2048":["https:\/\/team-meble.pl\/wp-content\/uploads\/2025\/06\/OZKO-BARDO-AMS-LINE.jpg",1401,1018,false],"mailpoet_newsletter_max":["https:\/\/team-meble.pl\/wp-content\/uploads\/2025\/06\/OZKO-BARDO-AMS-LINE-1320x959.jpg",1320,959,true],"woocommerce_thumbnail":["https:\/\/team-meble.pl\/wp-content\/uploads\/2025\/06\/OZKO-BARDO-AMS-LINE-300x300.jpg",300,300,true],"woocommerce_single":["https:\/\/team-meble.pl\/wp-content\/uploads\/2025\/06\/OZKO-BARDO-AMS-LINE-300x218.jpg",300,218,true],"woocommerce_gallery_thumbnail":["https:\/\/team-meble.pl\/wp-content\/uploads\/2025\/06\/OZKO-BARDO-AMS-LINE-100x100.jpg",100,100,true]},"uagb_author_info":{"display_name":"Wiola","author_link":"https:\/\/team-meble.pl\/cs\/author\/"},"uagb_comment_info":0,"uagb_excerpt":"Rozm\u011bry: \u0160\u00ed\u0159ka - 150 cm Hloubka - 218 cm V\u00fd\u0161ka - 94 cm Plocha na span\u00ed 140x200.","_links":{"self":[{"href":"https:\/\/team-meble.pl\/cs\/wp-json\/wp\/v2\/product\/23085","targetHints":{"allow":["GET"]}}],"collection":[{"href":"https:\/\/team-meble.pl\/cs\/wp-json\/wp\/v2\/product"}],"about":[{"href":"https:\/\/team-meble.pl\/cs\/wp-json\/wp\/v2\/types\/product"}],"replies":[{"embeddable":true,"href":"https:\/\/team-meble.pl\/cs\/wp-json\/wp\/v2\/comments?post=23085"}],"wp:featuredmedia":[{"embeddable":true,"href":"https:\/\/team-meble.pl\/cs\/wp-json\/wp\/v2\/media\/23082"}],"wp:attachment":[{"href":"https:\/\/team-meble.pl\/cs\/wp-json\/wp\/v2\/media?parent=23085"}],"wp:term":[{"taxonomy":"product_brand","embeddable":true,"href":"https:\/\/team-meble.pl\/cs\/wp-json\/wp\/v2\/product_brand?post=23085"},{"taxonomy":"product_cat","embeddable":true,"href":"https:\/\/team-meble.pl\/cs\/wp-json\/wp\/v2\/product_cat?post=23085"},{"taxonomy":"product_tag","embeddable":true,"href":"https:\/\/team-meble.pl\/cs\/wp-json\/wp\/v2\/product_tag?post=23085"}],"curies":[{"name":"wp","href":"https:\/\/api.w.org\/{rel}","templated":true}]}}