{"id":23436,"date":"2025-07-10T12:50:48","date_gmt":"2025-07-10T12:50:48","guid":{"rendered":"https:\/\/team-meble.pl\/produkt\/vesakovy-panel-typ-03-krizova-chodba-helvetia\/"},"modified":"2025-07-10T12:50:48","modified_gmt":"2025-07-10T12:50:48","slug":"vesakovy-panel-typ-03-krizova-chodba-helvetia","status":"publish","type":"product","link":"https:\/\/team-meble.pl\/cs\/produkt\/vesakovy-panel-typ-03-krizova-chodba-helvetia\/","title":{"rendered":"V\u011b\u0161\u00e1kov\u00fd panel typ 03 K\u0159\u00ed\u017eov\u00e1 chodba &#8211; Helvetia"},"content":{"rendered":"<p>Modern\u00ed kolekce n\u00e1bytku Cross se vyzna\u010duje \u00fasporn\u00fdmi tvary a rafinovan\u00fdmi povrchov\u00fdmi \u00fapravami, d\u00edky nim\u017e se skv\u011ble hod\u00ed do interi\u00e9r\u016f za\u0159\u00edzen\u00fdch v modern\u00edm nebo minimalistick\u00e9m stylu.<\/p>\n<p>je k dispozici ve \u010dty\u0159ech pe\u010dliv\u011b vybran\u00fdch barevn\u00fdch variant\u00e1ch: klasick\u00e1 b\u00edl\u00e1, tepl\u00fd dub wotan, modern\u00ed congo a m\u00f3dn\u00ed zelen\u00e1.Jemn\u00fd dotek onyxov\u011b \u010dern\u00e9ho lemov\u00e1n\u00ed dod\u00e1v\u00e1 n\u00e1bytku elegantn\u00ed a z\u00e1rove\u0148 osobit\u00fd vzhled.<\/p>\n<p>Cross umo\u017e\u0148uje efektivn\u011b uspo\u0159\u00e1dat prostor v p\u0159eds\u00edni. Promy\u0161len\u00e9 sk\u0159\u00ed\u0148ky nab\u00edzej\u00ed \u00falo\u017en\u00fd prostor, ani\u017e by zahlcovaly interi\u00e9r.<\/p>\n","protected":false},"excerpt":{"rendered":"<p>Rozm\u011bry:<\/p>\n<p>\u0160\u00ed\u0159ka &#8211; 40 cm<\/p>\n<p>Hloubka &#8211;<\/p>\n","protected":false},"featured_media":23415,"comment_status":"open","ping_status":"closed","template":"","meta":{"_eb_attr":"","_uag_custom_page_level_css":"","site-sidebar-layout":"default","site-content-layout":"","ast-site-content-layout":"default","site-content-style":"default","site-sidebar-style":"default","ast-global-header-display":"","ast-banner-title-visibility":"","ast-main-header-display":"","ast-hfb-above-header-display":"","ast-hfb-below-header-display":"","ast-hfb-mobile-header-display":"","site-post-title":"","ast-breadcrumbs-content":"","ast-featured-img":"","footer-sml-layout":"","theme-transparent-header-meta":"default","adv-header-id-meta":"","stick-header-meta":"default","header-above-stick-meta":"","header-main-stick-meta":"","header-below-stick-meta":"","astra-migrate-meta-layouts":"default","ast-page-background-enabled":"default","ast-page-background-meta":{"desktop":{"background-color":"","background-image":"","background-repeat":"repeat","background-position":"center center","background-size":"auto","background-attachment":"scroll","background-type":"","background-media":"","overlay-type":"","overlay-color":"","overlay-opacity":"","overlay-gradient":""},"tablet":{"background-color":"","background-image":"","background-repeat":"repeat","background-position":"center center","background-size":"auto","background-attachment":"scroll","background-type":"","background-media":"","overlay-type":"","overlay-color":"","overlay-opacity":"","overlay-gradient":""},"mobile":{"background-color":"","background-image":"","background-repeat":"repeat","background-position":"center center","background-size":"auto","background-attachment":"scroll","background-type":"","background-media":"","overlay-type":"","overlay-color":"","overlay-opacity":"","overlay-gradient":""}},"ast-content-background-meta":{"desktop":{"background-color":"var(--ast-global-color-5)","background-image":"","background-repeat":"repeat","background-position":"center center","background-size":"auto","background-attachment":"scroll","background-type":"","background-media":"","overlay-type":"","overlay-color":"","overlay-opacity":"","overlay-gradient":""},"tablet":{"background-color":"var(--ast-global-color-5)","background-image":"","background-repeat":"repeat","background-position":"center center","background-size":"auto","background-attachment":"scroll","background-type":"","background-media":"","overlay-type":"","overlay-color":"","overlay-opacity":"","overlay-gradient":""},"mobile":{"background-color":"var(--ast-global-color-5)","background-image":"","background-repeat":"repeat","background-position":"center center","background-size":"auto","background-attachment":"scroll","background-type":"","background-media":"","overlay-type":"","overlay-color":"","overlay-opacity":"","overlay-gradient":""}}},"product_brand":[],"product_cat":[105],"product_tag":[],"class_list":{"0":"post-23436","1":"product","2":"type-product","3":"status-publish","4":"has-post-thumbnail","6":"product_cat-predsin","7":"desktop-align-left","8":"tablet-align-left","9":"mobile-align-left","10":"ast-product-gallery-layout-horizontal-slider","11":"ast-product-tabs-layout-horizontal","12":"ast-qv-on-image","14":"first","15":"onbackorder","16":"shipping-taxable","17":"purchasable","18":"product-type-simple"},"spectra_custom_meta":{"_iwo_price_last_change":["a:4:{s:5:\"price\";s:0:\"\";s:10:\"price_sale\";s:0:\"\";s:19:\"price_including_tax\";d:0;s:9:\"timestamp\";i:1752151858;}"],"_alp_processed":["1752151858"],"_wcml_average_rating":[null],"_wcml_review_count":[null],"_wcml_rating_count":[null],"_backorders":["no"],"_download_limit":["-1"],"_download_expiry":["-1"],"_downloadable":["no"],"_manage_stock":["no"],"_stock_status":["onbackorder"],"_sold_individually":["no"],"_tax_class":[""],"_tax_status":["taxable"],"_virtual":["no"],"total_sales":["0"],"_wpml_media_duplicate":["1"],"_wpml_media_featured":["1"],"stick-header-meta":["default"],"site-sidebar-layout":["default"],"theme-transparent-header-meta":["default"],"ast-site-content-layout":["default"],"site-content-style":["default"],"site-sidebar-style":["default"],"_downloadable_files":[""],"_product_attributes":["a:0:{}"],"_default_attributes":["a:0:{}"],"_thumbnail_id":["23415"],"_product_image_gallery":["23417,23419,23421,23423,23425,23427,23429,23431,23433,23407,23405,23403,23401"],"_upsell_ids":["a:0:{}"],"_crosssell_ids":["a:0:{}"],"_children":["a:0:{}"],"_wpml_word_count":["119"],"_regular_price":[1339.5],"_price":[1339.5],"_eb_reusable_block_ids":["a:0:{}"],"_uag_page_assets":["a:9:{s:3:\"css\";s:263:\".uag-blocks-common-selector{z-index:var(--z-index-desktop) !important}@media (max-width: 976px){.uag-blocks-common-selector{z-index:var(--z-index-tablet) !important}}@media (max-width: 767px){.uag-blocks-common-selector{z-index:var(--z-index-mobile) !important}}\n\";s:2:\"js\";s:0:\"\";s:18:\"current_block_list\";a:13:{i:0;s:11:\"core\/search\";i:1;s:10:\"core\/group\";i:2;s:12:\"core\/heading\";i:3;s:17:\"core\/latest-posts\";i:4;s:20:\"core\/latest-comments\";i:5;s:13:\"core\/archives\";i:6;s:15:\"core\/categories\";i:7;s:26:\"woocommerce\/filter-wrapper\";i:8;s:24:\"woocommerce\/price-filter\";i:9;s:30:\"woocommerce\/product-categories\";i:10;s:26:\"woocommerce\/active-filters\";i:11;s:23:\"essential-blocks\/social\";i:12;s:24:\"woocommerce\/stock-filter\";}s:8:\"uag_flag\";b:0;s:11:\"uag_version\";s:10:\"1776345973\";s:6:\"gfonts\";a:0:{}s:10:\"gfonts_url\";s:0:\"\";s:12:\"gfonts_files\";a:0:{}s:14:\"uag_faq_layout\";b:0;}"],"_uag_css_file_name":["uag-css-23436.css"],"_max_variation_price":[""],"_max_variation_regular_price":[""],"_max_variation_sale_price":[""],"_min_variation_price":[""],"_min_variation_regular_price":[""],"_min_variation_sale_price":[""],"_sale_price":[""],"_wc_rating_count":[""],"_wc_review_count":[""],"_wc_average_rating":[0]},"uagb_featured_image_src":{"full":["https:\/\/team-meble.pl\/wp-content\/uploads\/2025\/07\/CROSS-24CWMY03_6.jpg",1400,1400,false],"thumbnail":["https:\/\/team-meble.pl\/wp-content\/uploads\/2025\/07\/CROSS-24CWMY03_6-150x150.jpg",150,150,true],"medium":["https:\/\/team-meble.pl\/wp-content\/uploads\/2025\/07\/CROSS-24CWMY03_6-300x300.jpg",300,300,true],"medium_large":["https:\/\/team-meble.pl\/wp-content\/uploads\/2025\/07\/CROSS-24CWMY03_6-768x768.jpg",768,768,true],"large":["https:\/\/team-meble.pl\/wp-content\/uploads\/2025\/07\/CROSS-24CWMY03_6-1024x1024.jpg",1024,1024,true],"1536x1536":["https:\/\/team-meble.pl\/wp-content\/uploads\/2025\/07\/CROSS-24CWMY03_6.jpg",1400,1400,false],"2048x2048":["https:\/\/team-meble.pl\/wp-content\/uploads\/2025\/07\/CROSS-24CWMY03_6.jpg",1400,1400,false],"mailpoet_newsletter_max":["https:\/\/team-meble.pl\/wp-content\/uploads\/2025\/07\/CROSS-24CWMY03_6-1320x1320.jpg",1320,1320,true],"woocommerce_thumbnail":["https:\/\/team-meble.pl\/wp-content\/uploads\/2025\/07\/CROSS-24CWMY03_6-300x300.jpg",300,300,true],"woocommerce_single":["https:\/\/team-meble.pl\/wp-content\/uploads\/2025\/07\/CROSS-24CWMY03_6-300x300.jpg",300,300,true],"woocommerce_gallery_thumbnail":["https:\/\/team-meble.pl\/wp-content\/uploads\/2025\/07\/CROSS-24CWMY03_6-100x100.jpg",100,100,true]},"uagb_author_info":{"display_name":"Wiola","author_link":"https:\/\/team-meble.pl\/cs\/author\/"},"uagb_comment_info":0,"uagb_excerpt":"Rozm\u011bry: \u0160\u00ed\u0159ka - 40 cm Hloubka -","_links":{"self":[{"href":"https:\/\/team-meble.pl\/cs\/wp-json\/wp\/v2\/product\/23436","targetHints":{"allow":["GET"]}}],"collection":[{"href":"https:\/\/team-meble.pl\/cs\/wp-json\/wp\/v2\/product"}],"about":[{"href":"https:\/\/team-meble.pl\/cs\/wp-json\/wp\/v2\/types\/product"}],"replies":[{"embeddable":true,"href":"https:\/\/team-meble.pl\/cs\/wp-json\/wp\/v2\/comments?post=23436"}],"wp:featuredmedia":[{"embeddable":true,"href":"https:\/\/team-meble.pl\/cs\/wp-json\/wp\/v2\/media\/23415"}],"wp:attachment":[{"href":"https:\/\/team-meble.pl\/cs\/wp-json\/wp\/v2\/media?parent=23436"}],"wp:term":[{"taxonomy":"product_brand","embeddable":true,"href":"https:\/\/team-meble.pl\/cs\/wp-json\/wp\/v2\/product_brand?post=23436"},{"taxonomy":"product_cat","embeddable":true,"href":"https:\/\/team-meble.pl\/cs\/wp-json\/wp\/v2\/product_cat?post=23436"},{"taxonomy":"product_tag","embeddable":true,"href":"https:\/\/team-meble.pl\/cs\/wp-json\/wp\/v2\/product_tag?post=23436"}],"curies":[{"name":"wp","href":"https:\/\/api.w.org\/{rel}","templated":true}]}}