{"id":23789,"date":"2025-08-04T13:34:05","date_gmt":"2025-08-04T13:34:05","guid":{"rendered":"https:\/\/team-meble.pl\/produkt\/komoda-grande-g-3-jarstol\/"},"modified":"2025-08-04T13:34:05","modified_gmt":"2025-08-04T13:34:05","slug":"komoda-grande-g-3-jarstol","status":"publish","type":"product","link":"https:\/\/team-meble.pl\/cs\/produkt\/komoda-grande-g-3-jarstol\/","title":{"rendered":"Komoda Grande G-3 Jarstol"},"content":{"rendered":"<p>GRANDE &#8211; 3 je prostorn\u00e1, elegantn\u00ed komoda v tepl\u00e9m odst\u00ednu dubu cremona. D\u00edky klasick\u00e9mu tvaru, t\u0159em sk\u0159\u00ed\u0148k\u00e1m, t\u0159em z\u00e1suvk\u00e1m a pe\u010dliv\u011b propracovan\u00fdm detail\u016fm se jedn\u00e1 o kus n\u00e1bytku, kter\u00fd v sob\u011b spojuje styl a prakti\u010dnost. Ide\u00e1ln\u00ed do prostorn\u00fdch interi\u00e9r\u016f, kde je d\u016fle\u017eit\u00e9 dom\u00e1c\u00ed pohodl\u00ed a nad\u010dasov\u00fd vzhled.  <\/p>\n","protected":false},"excerpt":{"rendered":"<p>Rozm\u011bry:<\/p>\n<p>\u0160\u00ed\u0159ka &#8211; 190 cm<\/p>\n<p>Hloubka &#8211; 40,5 cm<\/p>\n<p>V\u00fd\u0161ka &#8211; 86 cm<\/p>\n","protected":false},"featured_media":23784,"comment_status":"open","ping_status":"closed","template":"","meta":{"_eb_attr":"","_uag_custom_page_level_css":"","site-sidebar-layout":"default","site-content-layout":"","ast-site-content-layout":"default","site-content-style":"default","site-sidebar-style":"default","ast-global-header-display":"","ast-banner-title-visibility":"","ast-main-header-display":"","ast-hfb-above-header-display":"","ast-hfb-below-header-display":"","ast-hfb-mobile-header-display":"","site-post-title":"","ast-breadcrumbs-content":"","ast-featured-img":"","footer-sml-layout":"","theme-transparent-header-meta":"default","adv-header-id-meta":"","stick-header-meta":"default","header-above-stick-meta":"","header-main-stick-meta":"","header-below-stick-meta":"","astra-migrate-meta-layouts":"default","ast-page-background-enabled":"default","ast-page-background-meta":{"desktop":{"background-color":"","background-image":"","background-repeat":"repeat","background-position":"center center","background-size":"auto","background-attachment":"scroll","background-type":"","background-media":"","overlay-type":"","overlay-color":"","overlay-opacity":"","overlay-gradient":""},"tablet":{"background-color":"","background-image":"","background-repeat":"repeat","background-position":"center center","background-size":"auto","background-attachment":"scroll","background-type":"","background-media":"","overlay-type":"","overlay-color":"","overlay-opacity":"","overlay-gradient":""},"mobile":{"background-color":"","background-image":"","background-repeat":"repeat","background-position":"center center","background-size":"auto","background-attachment":"scroll","background-type":"","background-media":"","overlay-type":"","overlay-color":"","overlay-opacity":"","overlay-gradient":""}},"ast-content-background-meta":{"desktop":{"background-color":"var(--ast-global-color-5)","background-image":"","background-repeat":"repeat","background-position":"center center","background-size":"auto","background-attachment":"scroll","background-type":"","background-media":"","overlay-type":"","overlay-color":"","overlay-opacity":"","overlay-gradient":""},"tablet":{"background-color":"var(--ast-global-color-5)","background-image":"","background-repeat":"repeat","background-position":"center center","background-size":"auto","background-attachment":"scroll","background-type":"","background-media":"","overlay-type":"","overlay-color":"","overlay-opacity":"","overlay-gradient":""},"mobile":{"background-color":"var(--ast-global-color-5)","background-image":"","background-repeat":"repeat","background-position":"center center","background-size":"auto","background-attachment":"scroll","background-type":"","background-media":"","overlay-type":"","overlay-color":"","overlay-opacity":"","overlay-gradient":""}}},"product_brand":[],"product_cat":[93,104,94,105,103,132,108],"product_tag":[],"class_list":{"0":"post-23789","1":"product","2":"type-product","3":"status-publish","4":"has-post-thumbnail","6":"product_cat-detsky-pokoj","7":"product_cat-jidelna","8":"product_cat-loznice","9":"product_cat-predsin","10":"product_cat-salon-cs","11":"product_cat-kancelar","12":"product_cat-komody-cs","13":"desktop-align-left","14":"tablet-align-left","15":"mobile-align-left","16":"ast-product-gallery-layout-horizontal-slider","17":"ast-product-tabs-layout-horizontal","18":"ast-qv-on-image","20":"first","21":"onbackorder","22":"shipping-taxable","23":"purchasable","24":"product-type-simple"},"spectra_custom_meta":{"_iwo_price_last_change":["a:4:{s:5:\"price\";s:0:\"\";s:10:\"price_sale\";s:0:\"\";s:19:\"price_including_tax\";d:0;s:9:\"timestamp\";i:1754314454;}"],"_alp_processed":["1754314454"],"_wcml_average_rating":[null],"_wcml_review_count":[null],"_wcml_rating_count":[null],"_backorders":["no"],"_download_limit":["-1"],"_download_expiry":["-1"],"_downloadable":["no"],"_manage_stock":["no"],"_stock_status":["onbackorder"],"_sold_individually":["no"],"_tax_class":[""],"_tax_status":["taxable"],"_virtual":["no"],"total_sales":["0"],"_wpml_media_duplicate":["1"],"_wpml_media_featured":["1"],"stick-header-meta":["default"],"site-sidebar-layout":["default"],"theme-transparent-header-meta":["default"],"ast-site-content-layout":["default"],"site-content-style":["default"],"site-sidebar-style":["default"],"_downloadable_files":[""],"_product_attributes":["a:0:{}"],"_default_attributes":["a:0:{}"],"_thumbnail_id":["23784"],"_product_image_gallery":["23786,23759,23761,23763,23757"],"_upsell_ids":["a:0:{}"],"_crosssell_ids":["a:0:{}"],"_children":["a:0:{}"],"_wpml_word_count":["72"],"_regular_price":[7404.3],"_price":[7404.3],"_eb_reusable_block_ids":["a:0:{}"],"_uag_page_assets":["a:9:{s:3:\"css\";s:263:\".uag-blocks-common-selector{z-index:var(--z-index-desktop) !important}@media (max-width: 976px){.uag-blocks-common-selector{z-index:var(--z-index-tablet) !important}}@media (max-width: 767px){.uag-blocks-common-selector{z-index:var(--z-index-mobile) !important}}\n\";s:2:\"js\";s:0:\"\";s:18:\"current_block_list\";a:13:{i:0;s:11:\"core\/search\";i:1;s:10:\"core\/group\";i:2;s:12:\"core\/heading\";i:3;s:17:\"core\/latest-posts\";i:4;s:20:\"core\/latest-comments\";i:5;s:13:\"core\/archives\";i:6;s:15:\"core\/categories\";i:7;s:26:\"woocommerce\/filter-wrapper\";i:8;s:24:\"woocommerce\/price-filter\";i:9;s:30:\"woocommerce\/product-categories\";i:10;s:26:\"woocommerce\/active-filters\";i:11;s:23:\"essential-blocks\/social\";i:12;s:24:\"woocommerce\/stock-filter\";}s:8:\"uag_flag\";b:0;s:11:\"uag_version\";s:10:\"1776794665\";s:6:\"gfonts\";a:0:{}s:10:\"gfonts_url\";s:0:\"\";s:12:\"gfonts_files\";a:0:{}s:14:\"uag_faq_layout\";b:0;}"],"_uag_css_file_name":["uag-css-23789.css"],"_max_variation_price":[""],"_max_variation_regular_price":[""],"_max_variation_sale_price":[""],"_min_variation_price":[""],"_min_variation_regular_price":[""],"_min_variation_sale_price":[""],"_sale_price":[""],"_wc_rating_count":[""],"_wc_review_count":[""],"_wc_average_rating":[0]},"uagb_featured_image_src":{"full":["https:\/\/team-meble.pl\/wp-content\/uploads\/2025\/08\/GRANDE_DC_3-1200x1200-1.webp",1200,1200,false],"thumbnail":["https:\/\/team-meble.pl\/wp-content\/uploads\/2025\/08\/GRANDE_DC_3-1200x1200-1-150x150.webp",150,150,true],"medium":["https:\/\/team-meble.pl\/wp-content\/uploads\/2025\/08\/GRANDE_DC_3-1200x1200-1-300x300.webp",300,300,true],"medium_large":["https:\/\/team-meble.pl\/wp-content\/uploads\/2025\/08\/GRANDE_DC_3-1200x1200-1-768x768.webp",768,768,true],"large":["https:\/\/team-meble.pl\/wp-content\/uploads\/2025\/08\/GRANDE_DC_3-1200x1200-1-1024x1024.webp",1024,1024,true],"1536x1536":["https:\/\/team-meble.pl\/wp-content\/uploads\/2025\/08\/GRANDE_DC_3-1200x1200-1.webp",1200,1200,false],"2048x2048":["https:\/\/team-meble.pl\/wp-content\/uploads\/2025\/08\/GRANDE_DC_3-1200x1200-1.webp",1200,1200,false],"mailpoet_newsletter_max":["https:\/\/team-meble.pl\/wp-content\/uploads\/2025\/08\/GRANDE_DC_3-1200x1200-1.webp",1200,1200,false],"woocommerce_thumbnail":["https:\/\/team-meble.pl\/wp-content\/uploads\/2025\/08\/GRANDE_DC_3-1200x1200-1-300x300.webp",300,300,true],"woocommerce_single":["https:\/\/team-meble.pl\/wp-content\/uploads\/2025\/08\/GRANDE_DC_3-1200x1200-1-300x300.webp",300,300,true],"woocommerce_gallery_thumbnail":["https:\/\/team-meble.pl\/wp-content\/uploads\/2025\/08\/GRANDE_DC_3-1200x1200-1-100x100.webp",100,100,true]},"uagb_author_info":{"display_name":"Wiola","author_link":"https:\/\/team-meble.pl\/cs\/author\/"},"uagb_comment_info":0,"uagb_excerpt":"Rozm\u011bry: \u0160\u00ed\u0159ka - 190 cm Hloubka - 40,5 cm V\u00fd\u0161ka - 86 cm","_links":{"self":[{"href":"https:\/\/team-meble.pl\/cs\/wp-json\/wp\/v2\/product\/23789","targetHints":{"allow":["GET"]}}],"collection":[{"href":"https:\/\/team-meble.pl\/cs\/wp-json\/wp\/v2\/product"}],"about":[{"href":"https:\/\/team-meble.pl\/cs\/wp-json\/wp\/v2\/types\/product"}],"replies":[{"embeddable":true,"href":"https:\/\/team-meble.pl\/cs\/wp-json\/wp\/v2\/comments?post=23789"}],"wp:featuredmedia":[{"embeddable":true,"href":"https:\/\/team-meble.pl\/cs\/wp-json\/wp\/v2\/media\/23784"}],"wp:attachment":[{"href":"https:\/\/team-meble.pl\/cs\/wp-json\/wp\/v2\/media?parent=23789"}],"wp:term":[{"taxonomy":"product_brand","embeddable":true,"href":"https:\/\/team-meble.pl\/cs\/wp-json\/wp\/v2\/product_brand?post=23789"},{"taxonomy":"product_cat","embeddable":true,"href":"https:\/\/team-meble.pl\/cs\/wp-json\/wp\/v2\/product_cat?post=23789"},{"taxonomy":"product_tag","embeddable":true,"href":"https:\/\/team-meble.pl\/cs\/wp-json\/wp\/v2\/product_tag?post=23789"}],"curies":[{"name":"wp","href":"https:\/\/api.w.org\/{rel}","templated":true}]}}