{"id":25405,"date":"2025-10-08T12:45:21","date_gmt":"2025-10-08T12:45:21","guid":{"rendered":"https:\/\/team-meble.pl\/produkt\/rtv-stul-janov\/"},"modified":"2025-10-08T12:45:21","modified_gmt":"2025-10-08T12:45:21","slug":"rtv-stul-janov","status":"publish","type":"product","link":"https:\/\/team-meble.pl\/cs\/produkt\/rtv-stul-janov\/","title":{"rendered":"RTV st\u016fl Janov"},"content":{"rendered":"<p>Sk\u0159\u00ed\u0148 RTV Janov m\u00e1 dv\u011b \u010dela, za kter\u00fdmi je voln\u00fd prostor a jedna z\u00e1suvka a otev\u0159en\u00fd prostor uprost\u0159ed.<\/p>\n<h2>&#8211; podrobnosti o prov\u00e1d\u011bn\u00ed:<\/h2>\n<ul>\n<li>t\u011blo a \u010dela z laminovan\u00e9 desky o tlou\u0161\u0165ce 16 mm<\/li>\n<li>zadn\u00ed strana &#8211; deska HDF 2,5, nebrou\u0161en\u00e1 b\u00edl\u00e1<\/li>\n<li>D\u00fdha ABS na okraj\u00edch<\/li>\n<li>veden\u00ed hladk\u00e9ho v\u00e1lce<\/li>\n<li>\u017e\u00e1dn\u00e9 \u00fachytky, n\u00e1bytek se otev\u00edr\u00e1 na principu<b>&#8222;push to open&#8220;.<\/b><\/li>\n<li>n\u00e1bytek je k dispozici ve dvou barv\u00e1ch: <b>p\u00edskov\u011b b\u00e9\u017eov\u00e1, lahvov\u011b zelen\u00e1<\/b><\/li>\n<li>Polsk\u00fd v\u00fdrobce<\/li>\n<\/ul>\n","protected":false},"excerpt":{"rendered":"<p>Rozm\u011bry:<\/p>\n<p>\u0161\u00ed\u0159ka &#8211; 160 cm<\/p>\n<p>hloubka &#8211; 45 cm<\/p>\n<p>v\u00fd\u0161ka &#8211; 48,5 cm<\/p>\n","protected":false},"featured_media":25396,"comment_status":"open","ping_status":"closed","template":"","meta":{"_eb_attr":"","_uag_custom_page_level_css":"","site-sidebar-layout":"default","site-content-layout":"","ast-site-content-layout":"default","site-content-style":"default","site-sidebar-style":"default","ast-global-header-display":"","ast-banner-title-visibility":"","ast-main-header-display":"","ast-hfb-above-header-display":"","ast-hfb-below-header-display":"","ast-hfb-mobile-header-display":"","site-post-title":"","ast-breadcrumbs-content":"","ast-featured-img":"","footer-sml-layout":"","theme-transparent-header-meta":"default","adv-header-id-meta":"","stick-header-meta":"default","header-above-stick-meta":"","header-main-stick-meta":"","header-below-stick-meta":"","astra-migrate-meta-layouts":"default","ast-page-background-enabled":"default","ast-page-background-meta":{"desktop":{"background-color":"","background-image":"","background-repeat":"repeat","background-position":"center center","background-size":"auto","background-attachment":"scroll","background-type":"","background-media":"","overlay-type":"","overlay-color":"","overlay-opacity":"","overlay-gradient":""},"tablet":{"background-color":"","background-image":"","background-repeat":"repeat","background-position":"center center","background-size":"auto","background-attachment":"scroll","background-type":"","background-media":"","overlay-type":"","overlay-color":"","overlay-opacity":"","overlay-gradient":""},"mobile":{"background-color":"","background-image":"","background-repeat":"repeat","background-position":"center center","background-size":"auto","background-attachment":"scroll","background-type":"","background-media":"","overlay-type":"","overlay-color":"","overlay-opacity":"","overlay-gradient":""}},"ast-content-background-meta":{"desktop":{"background-color":"var(--ast-global-color-5)","background-image":"","background-repeat":"repeat","background-position":"center center","background-size":"auto","background-attachment":"scroll","background-type":"","background-media":"","overlay-type":"","overlay-color":"","overlay-opacity":"","overlay-gradient":""},"tablet":{"background-color":"var(--ast-global-color-5)","background-image":"","background-repeat":"repeat","background-position":"center center","background-size":"auto","background-attachment":"scroll","background-type":"","background-media":"","overlay-type":"","overlay-color":"","overlay-opacity":"","overlay-gradient":""},"mobile":{"background-color":"var(--ast-global-color-5)","background-image":"","background-repeat":"repeat","background-position":"center center","background-size":"auto","background-attachment":"scroll","background-type":"","background-media":"","overlay-type":"","overlay-color":"","overlay-opacity":"","overlay-gradient":""}}},"product_brand":[],"product_cat":[104,94,103,132,110],"product_tag":[],"class_list":{"0":"post-25405","1":"product","2":"type-product","3":"status-publish","4":"has-post-thumbnail","6":"product_cat-jidelna","7":"product_cat-loznice","8":"product_cat-salon-cs","9":"product_cat-kancelar","10":"product_cat-televizni-stolky","11":"desktop-align-left","12":"tablet-align-left","13":"mobile-align-left","14":"ast-product-gallery-layout-horizontal-slider","15":"ast-product-tabs-layout-horizontal","16":"ast-qv-on-image","18":"first","19":"onbackorder","20":"shipping-taxable","21":"purchasable","22":"product-type-simple"},"spectra_custom_meta":{"_iwo_price_last_change":["a:4:{s:5:\"price\";s:0:\"\";s:10:\"price_sale\";s:0:\"\";s:19:\"price_including_tax\";d:0;s:9:\"timestamp\";i:1759927529;}"],"_alp_processed":["1759927529"],"_wcml_average_rating":[null],"_wcml_review_count":[null],"_wcml_rating_count":[null],"_backorders":["no"],"_download_limit":["-1"],"_download_expiry":["-1"],"_downloadable":["no"],"_manage_stock":["no"],"_stock_status":["onbackorder"],"_sold_individually":["no"],"_tax_class":[""],"_tax_status":["taxable"],"_virtual":["no"],"total_sales":["0"],"_wpml_media_duplicate":["1"],"_wpml_media_featured":["1"],"stick-header-meta":["default"],"site-sidebar-layout":["default"],"theme-transparent-header-meta":["default"],"ast-site-content-layout":["default"],"site-content-style":["default"],"site-sidebar-style":["default"],"_downloadable_files":[""],"_product_attributes":["a:0:{}"],"_default_attributes":["a:0:{}"],"_thumbnail_id":["25396"],"_product_image_gallery":["25398,25400,25402"],"_upsell_ids":["a:0:{}"],"_crosssell_ids":["a:0:{}"],"_children":["a:0:{}"],"_wpml_word_count":["89"],"_regular_price":[4383.3],"_price":[4383.3],"_eb_reusable_block_ids":["a:0:{}"],"_uag_page_assets":["a:9:{s:3:\"css\";s:0:\"\";s:2:\"js\";s:0:\"\";s:18:\"current_block_list\";a:13:{i:0;s:11:\"core\/search\";i:1;s:10:\"core\/group\";i:2;s:12:\"core\/heading\";i:3;s:17:\"core\/latest-posts\";i:4;s:20:\"core\/latest-comments\";i:5;s:13:\"core\/archives\";i:6;s:15:\"core\/categories\";i:7;s:26:\"woocommerce\/filter-wrapper\";i:8;s:24:\"woocommerce\/price-filter\";i:9;s:30:\"woocommerce\/product-categories\";i:10;s:26:\"woocommerce\/active-filters\";i:11;s:23:\"essential-blocks\/social\";i:12;s:24:\"woocommerce\/stock-filter\";}s:8:\"uag_flag\";b:0;s:11:\"uag_version\";s:10:\"1776290343\";s:6:\"gfonts\";a:0:{}s:10:\"gfonts_url\";s:0:\"\";s:12:\"gfonts_files\";a:0:{}s:14:\"uag_faq_layout\";b:0;}"],"_max_variation_price":[""],"_max_variation_regular_price":[""],"_max_variation_sale_price":[""],"_min_variation_price":[""],"_min_variation_regular_price":[""],"_min_variation_sale_price":[""],"_sale_price":[""],"_wc_rating_count":[""],"_wc_review_count":[""],"_wc_average_rating":[0]},"uagb_featured_image_src":{"full":["https:\/\/team-meble.pl\/wp-content\/uploads\/2025\/10\/6617cfaab30204.82285889_dsc5467-edytuj-scaled.jpg",2560,1439,false],"thumbnail":["https:\/\/team-meble.pl\/wp-content\/uploads\/2025\/10\/6617cfaab30204.82285889_dsc5467-edytuj-150x150.jpg",150,150,true],"medium":["https:\/\/team-meble.pl\/wp-content\/uploads\/2025\/10\/6617cfaab30204.82285889_dsc5467-edytuj-300x169.jpg",300,169,true],"medium_large":["https:\/\/team-meble.pl\/wp-content\/uploads\/2025\/10\/6617cfaab30204.82285889_dsc5467-edytuj-768x432.jpg",768,432,true],"large":["https:\/\/team-meble.pl\/wp-content\/uploads\/2025\/10\/6617cfaab30204.82285889_dsc5467-edytuj-1024x576.jpg",1024,576,true],"1536x1536":["https:\/\/team-meble.pl\/wp-content\/uploads\/2025\/10\/6617cfaab30204.82285889_dsc5467-edytuj-1536x863.jpg",1536,863,true],"2048x2048":["https:\/\/team-meble.pl\/wp-content\/uploads\/2025\/10\/6617cfaab30204.82285889_dsc5467-edytuj-2048x1151.jpg",2048,1151,true],"mailpoet_newsletter_max":["https:\/\/team-meble.pl\/wp-content\/uploads\/2025\/10\/6617cfaab30204.82285889_dsc5467-edytuj-1320x742.jpg",1320,742,true],"woocommerce_thumbnail":["https:\/\/team-meble.pl\/wp-content\/uploads\/2025\/10\/6617cfaab30204.82285889_dsc5467-edytuj-300x300.jpg",300,300,true],"woocommerce_single":["https:\/\/team-meble.pl\/wp-content\/uploads\/2025\/10\/6617cfaab30204.82285889_dsc5467-edytuj-300x169.jpg",300,169,true],"woocommerce_gallery_thumbnail":["https:\/\/team-meble.pl\/wp-content\/uploads\/2025\/10\/6617cfaab30204.82285889_dsc5467-edytuj-100x100.jpg",100,100,true]},"uagb_author_info":{"display_name":"Wiola","author_link":"https:\/\/team-meble.pl\/cs\/author\/"},"uagb_comment_info":0,"uagb_excerpt":"Rozm\u011bry: \u0161\u00ed\u0159ka - 160 cm hloubka - 45 cm v\u00fd\u0161ka - 48,5 cm","_links":{"self":[{"href":"https:\/\/team-meble.pl\/cs\/wp-json\/wp\/v2\/product\/25405","targetHints":{"allow":["GET"]}}],"collection":[{"href":"https:\/\/team-meble.pl\/cs\/wp-json\/wp\/v2\/product"}],"about":[{"href":"https:\/\/team-meble.pl\/cs\/wp-json\/wp\/v2\/types\/product"}],"replies":[{"embeddable":true,"href":"https:\/\/team-meble.pl\/cs\/wp-json\/wp\/v2\/comments?post=25405"}],"wp:featuredmedia":[{"embeddable":true,"href":"https:\/\/team-meble.pl\/cs\/wp-json\/wp\/v2\/media\/25396"}],"wp:attachment":[{"href":"https:\/\/team-meble.pl\/cs\/wp-json\/wp\/v2\/media?parent=25405"}],"wp:term":[{"taxonomy":"product_brand","embeddable":true,"href":"https:\/\/team-meble.pl\/cs\/wp-json\/wp\/v2\/product_brand?post=25405"},{"taxonomy":"product_cat","embeddable":true,"href":"https:\/\/team-meble.pl\/cs\/wp-json\/wp\/v2\/product_cat?post=25405"},{"taxonomy":"product_tag","embeddable":true,"href":"https:\/\/team-meble.pl\/cs\/wp-json\/wp\/v2\/product_tag?post=25405"}],"curies":[{"name":"wp","href":"https:\/\/api.w.org\/{rel}","templated":true}]}}