{"id":25826,"date":"2025-10-15T12:43:22","date_gmt":"2025-10-15T12:43:22","guid":{"rendered":"https:\/\/team-meble.pl\/produkt\/satni-skrin-v-podkrovi\/"},"modified":"2025-10-15T12:43:22","modified_gmt":"2025-10-15T12:43:22","slug":"satni-skrin-v-podkrovi","status":"publish","type":"product","link":"https:\/\/team-meble.pl\/cs\/produkt\/satni-skrin-v-podkrovi\/","title":{"rendered":"\u0160atn\u00ed sk\u0159\u00ed\u0148 v podkrov\u00ed"},"content":{"rendered":"<div class=\"mp4t_16_s mryx_16_s mr3m_1 mli2_1 mh85_56 mh85_0_l\">\n<div class=\"mgn2_16 _0d3bd_am0a-\">\n<p><b>Kl\u00ed\u010dov\u00e9 vlastnosti:<\/b><\/p>\n<ul>\n<li><b>Styl a design<\/b>: \u0160atn\u00ed sk\u0159\u00ed\u0148 LOFT dokonale vystihuje ducha loftov\u00e9ho stylu a lad\u00ed s ostatn\u00edm n\u00e1bytkem z kolekce Sorento, kter\u00fd najdete v na\u0161\u00ed nab\u00eddce.<\/li>\n<li><b>Barvy<\/b>: N\u00e1bytek kombinuje \u0159emeslnou zlatou s \u010dernou a vytv\u00e1\u0159\u00ed tak v\u00fdrazn\u00e9 a m\u00f3dn\u00ed barevn\u00e9 sch\u00e9ma.<\/li>\n<li><b>\u00dalo\u017en\u00fd prostor<\/b>:<\/li>\n<li><b>V\u011b\u0161\u00e1ky<\/b>: ve velk\u00e9 sk\u0159\u00edni jsou um\u00edst\u011bny t\u0159i v\u011b\u0161\u00e1ky pro pohodln\u00e9 odkl\u00e1d\u00e1n\u00ed od\u011bv\u016f.<\/li>\n<li><b>Z\u00e1suvky<\/b>: Dv\u011b prostorn\u00e9 z\u00e1suvky s pln\u00fdm v\u00fdsuvem a kovov\u00fdmi \u00fachyty pro snadn\u00e9 uspo\u0159\u00e1d\u00e1n\u00ed.<\/li>\n<li><b>Robustn\u00ed konstrukce<\/b>: Vyrobeno z 16 mm siln\u00e9 desky, kter\u00e1 zaji\u0161\u0165uje odolnost a stabilitu.<\/li>\n<li><b>Estetick\u00e9 dopl\u0148ky<\/b>: Dekorativn\u00ed \u010daloun\u011bn\u00e9 panely dod\u00e1vaj\u00ed eleganci a jedine\u010dn\u00fd charakter.<\/li>\n<li><strong>Dostupn\u00e9 varianty<\/strong>: prav\u00e1 nebo lev\u00e1 strana<\/li>\n<\/ul>\n<\/div>\n<\/div>\n","protected":false},"excerpt":{"rendered":"<p>Rozm\u011bry:<\/p>\n<p>\u0160\u00ed\u0159ka &#8211; 100 cm<\/p>\n<p>Hloubka &#8211; 35 cm<\/p>\n<p>V\u00fd\u0161ka &#8211; 190 cm<\/p>\n","protected":false},"featured_media":25818,"comment_status":"open","ping_status":"closed","template":"","meta":{"_eb_attr":"","_uag_custom_page_level_css":"","site-sidebar-layout":"default","site-content-layout":"","ast-site-content-layout":"default","site-content-style":"default","site-sidebar-style":"default","ast-global-header-display":"","ast-banner-title-visibility":"","ast-main-header-display":"","ast-hfb-above-header-display":"","ast-hfb-below-header-display":"","ast-hfb-mobile-header-display":"","site-post-title":"","ast-breadcrumbs-content":"","ast-featured-img":"","footer-sml-layout":"","theme-transparent-header-meta":"default","adv-header-id-meta":"","stick-header-meta":"default","header-above-stick-meta":"","header-main-stick-meta":"","header-below-stick-meta":"","astra-migrate-meta-layouts":"default","ast-page-background-enabled":"default","ast-page-background-meta":{"desktop":{"background-color":"","background-image":"","background-repeat":"repeat","background-position":"center center","background-size":"auto","background-attachment":"scroll","background-type":"","background-media":"","overlay-type":"","overlay-color":"","overlay-opacity":"","overlay-gradient":""},"tablet":{"background-color":"","background-image":"","background-repeat":"repeat","background-position":"center center","background-size":"auto","background-attachment":"scroll","background-type":"","background-media":"","overlay-type":"","overlay-color":"","overlay-opacity":"","overlay-gradient":""},"mobile":{"background-color":"","background-image":"","background-repeat":"repeat","background-position":"center center","background-size":"auto","background-attachment":"scroll","background-type":"","background-media":"","overlay-type":"","overlay-color":"","overlay-opacity":"","overlay-gradient":""}},"ast-content-background-meta":{"desktop":{"background-color":"var(--ast-global-color-5)","background-image":"","background-repeat":"repeat","background-position":"center center","background-size":"auto","background-attachment":"scroll","background-type":"","background-media":"","overlay-type":"","overlay-color":"","overlay-opacity":"","overlay-gradient":""},"tablet":{"background-color":"var(--ast-global-color-5)","background-image":"","background-repeat":"repeat","background-position":"center center","background-size":"auto","background-attachment":"scroll","background-type":"","background-media":"","overlay-type":"","overlay-color":"","overlay-opacity":"","overlay-gradient":""},"mobile":{"background-color":"var(--ast-global-color-5)","background-image":"","background-repeat":"repeat","background-position":"center center","background-size":"auto","background-attachment":"scroll","background-type":"","background-media":"","overlay-type":"","overlay-color":"","overlay-opacity":"","overlay-gradient":""}}},"product_brand":[],"product_cat":[105],"product_tag":[],"class_list":{"0":"post-25826","1":"product","2":"type-product","3":"status-publish","4":"has-post-thumbnail","6":"product_cat-predsin","7":"desktop-align-left","8":"tablet-align-left","9":"mobile-align-left","10":"ast-product-gallery-layout-horizontal-slider","11":"ast-product-tabs-layout-horizontal","12":"ast-qv-on-image","14":"first","15":"onbackorder","16":"shipping-taxable","17":"purchasable","18":"product-type-simple"},"spectra_custom_meta":{"_iwo_price_last_change":["a:4:{s:5:\"price\";s:0:\"\";s:10:\"price_sale\";s:0:\"\";s:19:\"price_including_tax\";d:0;s:9:\"timestamp\";i:1760532257;}"],"_alp_processed":["1760532257"],"_wcml_average_rating":[null],"_wcml_review_count":[null],"_wcml_rating_count":[null],"_backorders":["no"],"_download_limit":["-1"],"_download_expiry":["-1"],"_downloadable":["no"],"_manage_stock":["no"],"_stock_status":["onbackorder"],"_sold_individually":["no"],"_tax_class":[""],"_tax_status":["taxable"],"_virtual":["no"],"total_sales":["0"],"_wpml_media_duplicate":["1"],"_wpml_media_featured":["1"],"stick-header-meta":["default"],"site-sidebar-layout":["default"],"theme-transparent-header-meta":["default"],"ast-site-content-layout":["default"],"site-content-style":["default"],"site-sidebar-style":["default"],"_downloadable_files":[""],"_product_attributes":["a:0:{}"],"_default_attributes":["a:0:{}"],"_thumbnail_id":["25818"],"_product_image_gallery":["25820"],"_upsell_ids":["a:0:{}"],"_crosssell_ids":["a:0:{}"],"_children":["a:0:{}"],"_wpml_word_count":["143"],"_regular_price":[5694.3],"_price":[5694.3],"_eb_reusable_block_ids":["a:0:{}"],"_uag_page_assets":["a:9:{s:3:\"css\";s:263:\".uag-blocks-common-selector{z-index:var(--z-index-desktop) !important}@media (max-width: 976px){.uag-blocks-common-selector{z-index:var(--z-index-tablet) !important}}@media (max-width: 767px){.uag-blocks-common-selector{z-index:var(--z-index-mobile) !important}}\n\";s:2:\"js\";s:0:\"\";s:18:\"current_block_list\";a:13:{i:0;s:11:\"core\/search\";i:1;s:10:\"core\/group\";i:2;s:12:\"core\/heading\";i:3;s:17:\"core\/latest-posts\";i:4;s:20:\"core\/latest-comments\";i:5;s:13:\"core\/archives\";i:6;s:15:\"core\/categories\";i:7;s:26:\"woocommerce\/filter-wrapper\";i:8;s:24:\"woocommerce\/price-filter\";i:9;s:30:\"woocommerce\/product-categories\";i:10;s:26:\"woocommerce\/active-filters\";i:11;s:23:\"essential-blocks\/social\";i:12;s:24:\"woocommerce\/stock-filter\";}s:8:\"uag_flag\";b:0;s:11:\"uag_version\";s:10:\"1776347609\";s:6:\"gfonts\";a:0:{}s:10:\"gfonts_url\";s:0:\"\";s:12:\"gfonts_files\";a:0:{}s:14:\"uag_faq_layout\";b:0;}"],"_uag_css_file_name":["uag-css-25826.css"],"_max_variation_price":[""],"_max_variation_regular_price":[""],"_max_variation_sale_price":[""],"_min_variation_price":[""],"_min_variation_regular_price":[""],"_min_variation_sale_price":[""],"_sale_price":[""],"_wc_rating_count":[""],"_wc_review_count":[""],"_wc_average_rating":[0]},"uagb_featured_image_src":{"full":["https:\/\/team-meble.pl\/wp-content\/uploads\/2025\/10\/Garderoba-Loft-100-190-35.jpg",720,480,false],"thumbnail":["https:\/\/team-meble.pl\/wp-content\/uploads\/2025\/10\/Garderoba-Loft-100-190-35-150x150.jpg",150,150,true],"medium":["https:\/\/team-meble.pl\/wp-content\/uploads\/2025\/10\/Garderoba-Loft-100-190-35-300x200.jpg",300,200,true],"medium_large":["https:\/\/team-meble.pl\/wp-content\/uploads\/2025\/10\/Garderoba-Loft-100-190-35.jpg",720,480,false],"large":["https:\/\/team-meble.pl\/wp-content\/uploads\/2025\/10\/Garderoba-Loft-100-190-35.jpg",720,480,false],"1536x1536":["https:\/\/team-meble.pl\/wp-content\/uploads\/2025\/10\/Garderoba-Loft-100-190-35.jpg",720,480,false],"2048x2048":["https:\/\/team-meble.pl\/wp-content\/uploads\/2025\/10\/Garderoba-Loft-100-190-35.jpg",720,480,false],"mailpoet_newsletter_max":["https:\/\/team-meble.pl\/wp-content\/uploads\/2025\/10\/Garderoba-Loft-100-190-35.jpg",720,480,false],"woocommerce_thumbnail":["https:\/\/team-meble.pl\/wp-content\/uploads\/2025\/10\/Garderoba-Loft-100-190-35-300x300.jpg",300,300,true],"woocommerce_single":["https:\/\/team-meble.pl\/wp-content\/uploads\/2025\/10\/Garderoba-Loft-100-190-35-300x200.jpg",300,200,true],"woocommerce_gallery_thumbnail":["https:\/\/team-meble.pl\/wp-content\/uploads\/2025\/10\/Garderoba-Loft-100-190-35-100x100.jpg",100,100,true]},"uagb_author_info":{"display_name":"Wiola","author_link":"https:\/\/team-meble.pl\/cs\/author\/"},"uagb_comment_info":0,"uagb_excerpt":"Rozm\u011bry: \u0160\u00ed\u0159ka - 100 cm Hloubka - 35 cm V\u00fd\u0161ka - 190 cm","_links":{"self":[{"href":"https:\/\/team-meble.pl\/cs\/wp-json\/wp\/v2\/product\/25826","targetHints":{"allow":["GET"]}}],"collection":[{"href":"https:\/\/team-meble.pl\/cs\/wp-json\/wp\/v2\/product"}],"about":[{"href":"https:\/\/team-meble.pl\/cs\/wp-json\/wp\/v2\/types\/product"}],"replies":[{"embeddable":true,"href":"https:\/\/team-meble.pl\/cs\/wp-json\/wp\/v2\/comments?post=25826"}],"wp:featuredmedia":[{"embeddable":true,"href":"https:\/\/team-meble.pl\/cs\/wp-json\/wp\/v2\/media\/25818"}],"wp:attachment":[{"href":"https:\/\/team-meble.pl\/cs\/wp-json\/wp\/v2\/media?parent=25826"}],"wp:term":[{"taxonomy":"product_brand","embeddable":true,"href":"https:\/\/team-meble.pl\/cs\/wp-json\/wp\/v2\/product_brand?post=25826"},{"taxonomy":"product_cat","embeddable":true,"href":"https:\/\/team-meble.pl\/cs\/wp-json\/wp\/v2\/product_cat?post=25826"},{"taxonomy":"product_tag","embeddable":true,"href":"https:\/\/team-meble.pl\/cs\/wp-json\/wp\/v2\/product_tag?post=25826"}],"curies":[{"name":"wp","href":"https:\/\/api.w.org\/{rel}","templated":true}]}}