{"id":26513,"date":"2026-02-04T09:09:35","date_gmt":"2026-02-04T09:09:35","guid":{"rendered":"https:\/\/team-meble.pl\/produkt\/zdravotni-matrace-magic-160x200\/"},"modified":"2026-02-04T09:15:22","modified_gmt":"2026-02-04T09:15:22","slug":"zdravotni-matrace-magic-160x200","status":"publish","type":"product","link":"https:\/\/team-meble.pl\/cs\/produkt\/zdravotni-matrace-magic-160x200\/","title":{"rendered":"Zdravotn\u00ed matrace Magic 160&#215;200"},"content":{"rendered":"<p>Zdravotn\u00ed matrace Magic se d\u00edky kombinaci ta\u0161ti\u010dkov\u00fdch pru\u017ein a p\u011bny XFoam dokonale p\u0159izp\u016fsob\u00ed t\u011blu. Ta\u0161ti\u010dkov\u00e9 pru\u017einy, kter\u00e9 se vyzna\u010duj\u00ed t\u00edm, \u017ee pracuj\u00ed nez\u00e1visle na sob\u011b, zaji\u0161\u0165uj\u00ed spr\u00e1vn\u00e9 vyrovn\u00e1n\u00ed p\u00e1te\u0159e bez ohledu na polohu p\u0159i sp\u00e1nku. Krom\u011b toho rozd\u011bluj\u00ed povrch matrace do 7 z\u00f3n tuhosti, \u010d\u00edm\u017e poskytuj\u00ed optim\u00e1ln\u00ed oporu ka\u017ed\u00e9 \u010d\u00e1sti t\u011bla a minimalizuj\u00ed tlak. Dodate\u010dn\u00e1 vrstva vysoce pru\u017en\u00e9 antimikrobi\u00e1ln\u00ed p\u011bny pou\u017eit\u00e9 v tomto modelu chr\u00e1n\u00ed p\u0159ed mikroorganismy.   <\/p>\n<p>Zdravotn\u00ed matrace Magic je oboustrann\u00e1 a m\u00e1 dv\u011b r\u016fzn\u00e9 tuhosti, tak\u017ee ji lze snadno p\u0159izp\u016fsobit aktu\u00e1ln\u00edm pot\u0159eb\u00e1m u\u017eivatele. Zdravotn\u00ed matrace Magic pom\u00e1h\u00e1 zm\u00edr\u0148ovat bolesti zad a svalov\u00e9 nap\u011bt\u00ed. To je mo\u017en\u00e9 d\u00edky spr\u00e1vn\u00e9mu rozlo\u017een\u00ed tlaku, kter\u00e9 sni\u017euje zat\u00ed\u017een\u00ed citliv\u00fdch oblast\u00ed t\u011bla, a t\u00edm sni\u017euje bolest a nepohodl\u00ed, kter\u00e9 se b\u011bhem sp\u00e1nku vyskytuj\u00ed. Tento model se doporu\u010duje zejm\u00e9na lidem trp\u00edc\u00edm r\u016fzn\u00fdmi onemocn\u011bn\u00edmi p\u00e1te\u0159e, jako je skoli\u00f3za, diskopatie nebo ischias, kte\u0159\u00ed pot\u0159ebuj\u00ed pohodl\u00ed a kvalitu na nejvy\u0161\u0161\u00ed \u00farovni.   <\/p>\n","protected":false},"excerpt":{"rendered":"<p>Rozm\u011bry:<\/p>\n<p>\u0160\u00ed\u0159ka &#8211; 160 cm<\/p>\n<p>Hloubka &#8211; 200 cm<\/p>\n<p>V\u00fd\u0161ka &#8211; 24 cm<\/p>\n<p>Matrace je k dispozici i v jin\u00fdch velikostech:<\/p>\n<p>80&#215;200 &#8211; 1109 PLN<\/p>\n<p>90&#215;200 &#8211; \u00a31229<\/p>\n<p>100&#215;200 &#8211; \u00a31339<\/p>\n<p>120&#215;200 &#8211; 1559 z\u0142<\/p>\n<p>140&#215;200 &#8211; 1789 z\u0142<\/p>\n<p>180&#215;200 &#8211; 2229 z\u0142<\/p>\n<p>200&#215;200 &#8211; 2519 PLN<\/p>\n<p>&nbsp;<\/p>\n","protected":false},"featured_media":26510,"comment_status":"open","ping_status":"closed","template":"","meta":{"_eb_attr":"","_uag_custom_page_level_css":"","site-sidebar-layout":"default","site-content-layout":"","ast-site-content-layout":"default","site-content-style":"default","site-sidebar-style":"default","ast-global-header-display":"","ast-banner-title-visibility":"","ast-main-header-display":"","ast-hfb-above-header-display":"","ast-hfb-below-header-display":"","ast-hfb-mobile-header-display":"","site-post-title":"","ast-breadcrumbs-content":"","ast-featured-img":"","footer-sml-layout":"","theme-transparent-header-meta":"default","adv-header-id-meta":"","stick-header-meta":"default","header-above-stick-meta":"","header-main-stick-meta":"","header-below-stick-meta":"","astra-migrate-meta-layouts":"default","ast-page-background-enabled":"default","ast-page-background-meta":{"desktop":{"background-color":"","background-image":"","background-repeat":"repeat","background-position":"center center","background-size":"auto","background-attachment":"scroll","background-type":"","background-media":"","overlay-type":"","overlay-color":"","overlay-opacity":"","overlay-gradient":""},"tablet":{"background-color":"","background-image":"","background-repeat":"repeat","background-position":"center center","background-size":"auto","background-attachment":"scroll","background-type":"","background-media":"","overlay-type":"","overlay-color":"","overlay-opacity":"","overlay-gradient":""},"mobile":{"background-color":"","background-image":"","background-repeat":"repeat","background-position":"center center","background-size":"auto","background-attachment":"scroll","background-type":"","background-media":"","overlay-type":"","overlay-color":"","overlay-opacity":"","overlay-gradient":""}},"ast-content-background-meta":{"desktop":{"background-color":"var(--ast-global-color-5)","background-image":"","background-repeat":"repeat","background-position":"center center","background-size":"auto","background-attachment":"scroll","background-type":"","background-media":"","overlay-type":"","overlay-color":"","overlay-opacity":"","overlay-gradient":""},"tablet":{"background-color":"var(--ast-global-color-5)","background-image":"","background-repeat":"repeat","background-position":"center center","background-size":"auto","background-attachment":"scroll","background-type":"","background-media":"","overlay-type":"","overlay-color":"","overlay-opacity":"","overlay-gradient":""},"mobile":{"background-color":"var(--ast-global-color-5)","background-image":"","background-repeat":"repeat","background-position":"center center","background-size":"auto","background-attachment":"scroll","background-type":"","background-media":"","overlay-type":"","overlay-color":"","overlay-opacity":"","overlay-gradient":""}}},"product_brand":[],"product_cat":[93,94,92],"product_tag":[],"class_list":{"0":"post-26513","1":"product","2":"type-product","3":"status-publish","4":"has-post-thumbnail","6":"product_cat-detsky-pokoj","7":"product_cat-loznice","8":"product_cat-matrace","9":"desktop-align-left","10":"tablet-align-left","11":"mobile-align-left","12":"ast-product-gallery-layout-horizontal-slider","13":"ast-product-tabs-layout-horizontal","14":"ast-qv-on-image","16":"first","17":"instock","18":"shipping-taxable","19":"purchasable","20":"product-type-simple"},"spectra_custom_meta":{"_iwo_price_last_change":["a:4:{s:5:\"price\";s:0:\"\";s:10:\"price_sale\";s:0:\"\";s:19:\"price_including_tax\";d:0;s:9:\"timestamp\";i:1770196191;}"],"_alp_processed":["1770196523"],"_wcml_average_rating":[null],"_wcml_review_count":[null],"_wcml_rating_count":[null],"_backorders":["no"],"_download_limit":["-1"],"_download_expiry":["-1"],"_downloadable":["no"],"_manage_stock":["no"],"_stock_status":["instock"],"_sold_individually":["no"],"_tax_class":[""],"_tax_status":["taxable"],"_virtual":["no"],"total_sales":["0"],"_wpml_media_duplicate":["1"],"_wpml_media_featured":["1"],"stick-header-meta":["default"],"site-sidebar-layout":["default"],"theme-transparent-header-meta":["default"],"ast-site-content-layout":["default"],"site-content-style":["default"],"site-sidebar-style":["default"],"_thumbnail_id":["26510"],"_last_translation_edit_mode":["translation-editor"],"_wpml_word_count":["224"],"_product_image_gallery":["26508,26506"],"_regular_price":[11394.3],"_price":[11394.3],"_uag_page_assets":["a:9:{s:3:\"css\";s:263:\".uag-blocks-common-selector{z-index:var(--z-index-desktop) !important}@media (max-width: 976px){.uag-blocks-common-selector{z-index:var(--z-index-tablet) !important}}@media (max-width: 767px){.uag-blocks-common-selector{z-index:var(--z-index-mobile) !important}}\n\";s:2:\"js\";s:0:\"\";s:18:\"current_block_list\";a:13:{i:0;s:11:\"core\/search\";i:1;s:10:\"core\/group\";i:2;s:12:\"core\/heading\";i:3;s:17:\"core\/latest-posts\";i:4;s:20:\"core\/latest-comments\";i:5;s:13:\"core\/archives\";i:6;s:15:\"core\/categories\";i:7;s:26:\"woocommerce\/filter-wrapper\";i:8;s:24:\"woocommerce\/price-filter\";i:9;s:30:\"woocommerce\/product-categories\";i:10;s:26:\"woocommerce\/active-filters\";i:11;s:23:\"essential-blocks\/social\";i:12;s:24:\"woocommerce\/stock-filter\";}s:8:\"uag_flag\";b:0;s:11:\"uag_version\";s:10:\"1776362095\";s:6:\"gfonts\";a:0:{}s:10:\"gfonts_url\";s:0:\"\";s:12:\"gfonts_files\";a:0:{}s:14:\"uag_faq_layout\";b:0;}"],"_eb_reusable_block_ids":["a:0:{}"],"_uag_css_file_name":["uag-css-26513.css"],"_max_variation_price":[""],"_max_variation_regular_price":[""],"_max_variation_sale_price":[""],"_min_variation_price":[""],"_min_variation_regular_price":[""],"_min_variation_sale_price":[""],"_sale_price":[""],"_wc_rating_count":[""],"_wc_review_count":[""],"_wc_average_rating":[0]},"uagb_featured_image_src":{"full":["https:\/\/team-meble.pl\/wp-content\/uploads\/2026\/02\/Materac-MAGIC-COMFORTEO-kieszeniowy-160x200-wyrob-medyczny.jpg",2515,1168,false],"thumbnail":["https:\/\/team-meble.pl\/wp-content\/uploads\/2026\/02\/Materac-MAGIC-COMFORTEO-kieszeniowy-160x200-wyrob-medyczny-150x150.jpg",150,150,true],"medium":["https:\/\/team-meble.pl\/wp-content\/uploads\/2026\/02\/Materac-MAGIC-COMFORTEO-kieszeniowy-160x200-wyrob-medyczny-300x139.jpg",300,139,true],"medium_large":["https:\/\/team-meble.pl\/wp-content\/uploads\/2026\/02\/Materac-MAGIC-COMFORTEO-kieszeniowy-160x200-wyrob-medyczny-768x357.jpg",768,357,true],"large":["https:\/\/team-meble.pl\/wp-content\/uploads\/2026\/02\/Materac-MAGIC-COMFORTEO-kieszeniowy-160x200-wyrob-medyczny-1024x476.jpg",1024,476,true],"1536x1536":["https:\/\/team-meble.pl\/wp-content\/uploads\/2026\/02\/Materac-MAGIC-COMFORTEO-kieszeniowy-160x200-wyrob-medyczny-1536x713.jpg",1536,713,true],"2048x2048":["https:\/\/team-meble.pl\/wp-content\/uploads\/2026\/02\/Materac-MAGIC-COMFORTEO-kieszeniowy-160x200-wyrob-medyczny-2048x951.jpg",2048,951,true],"mailpoet_newsletter_max":["https:\/\/team-meble.pl\/wp-content\/uploads\/2026\/02\/Materac-MAGIC-COMFORTEO-kieszeniowy-160x200-wyrob-medyczny-1320x613.jpg",1320,613,true],"woocommerce_thumbnail":["https:\/\/team-meble.pl\/wp-content\/uploads\/2026\/02\/Materac-MAGIC-COMFORTEO-kieszeniowy-160x200-wyrob-medyczny-300x300.jpg",300,300,true],"woocommerce_single":["https:\/\/team-meble.pl\/wp-content\/uploads\/2026\/02\/Materac-MAGIC-COMFORTEO-kieszeniowy-160x200-wyrob-medyczny-300x139.jpg",300,139,true],"woocommerce_gallery_thumbnail":["https:\/\/team-meble.pl\/wp-content\/uploads\/2026\/02\/Materac-MAGIC-COMFORTEO-kieszeniowy-160x200-wyrob-medyczny-100x100.jpg",100,100,true]},"uagb_author_info":{"display_name":"Wiola","author_link":"https:\/\/team-meble.pl\/cs\/author\/"},"uagb_comment_info":0,"uagb_excerpt":"Rozm\u011bry: \u0160\u00ed\u0159ka - 160 cm Hloubka - 200 cm V\u00fd\u0161ka - 24 cm Matrace je k dispozici i v jin\u00fdch velikostech: 80x200 - 1109 PLN 90x200 - \u00a31229 100x200 - \u00a31339 120x200 - 1559 z\u0142 140x200 - 1789 z\u0142 180x200 - 2229 z\u0142 200x200 - 2519 PLN &nbsp;","_links":{"self":[{"href":"https:\/\/team-meble.pl\/cs\/wp-json\/wp\/v2\/product\/26513","targetHints":{"allow":["GET"]}}],"collection":[{"href":"https:\/\/team-meble.pl\/cs\/wp-json\/wp\/v2\/product"}],"about":[{"href":"https:\/\/team-meble.pl\/cs\/wp-json\/wp\/v2\/types\/product"}],"replies":[{"embeddable":true,"href":"https:\/\/team-meble.pl\/cs\/wp-json\/wp\/v2\/comments?post=26513"}],"wp:featuredmedia":[{"embeddable":true,"href":"https:\/\/team-meble.pl\/cs\/wp-json\/wp\/v2\/media\/26510"}],"wp:attachment":[{"href":"https:\/\/team-meble.pl\/cs\/wp-json\/wp\/v2\/media?parent=26513"}],"wp:term":[{"taxonomy":"product_brand","embeddable":true,"href":"https:\/\/team-meble.pl\/cs\/wp-json\/wp\/v2\/product_brand?post=26513"},{"taxonomy":"product_cat","embeddable":true,"href":"https:\/\/team-meble.pl\/cs\/wp-json\/wp\/v2\/product_cat?post=26513"},{"taxonomy":"product_tag","embeddable":true,"href":"https:\/\/team-meble.pl\/cs\/wp-json\/wp\/v2\/product_tag?post=26513"}],"curies":[{"name":"wp","href":"https:\/\/api.w.org\/{rel}","templated":true}]}}