{"id":26956,"date":"2026-02-10T11:47:09","date_gmt":"2026-02-10T11:47:09","guid":{"rendered":"https:\/\/team-meble.pl\/produkt\/modularni-rohova-jednotka-eclipse-2bk-s-uloznym-boxem\/"},"modified":"2026-02-10T11:47:53","modified_gmt":"2026-02-10T11:47:53","slug":"modularni-rohova-jednotka-eclipse-2bk-s-uloznym-boxem","status":"publish","type":"product","link":"https:\/\/team-meble.pl\/cs\/produkt\/modularni-rohova-jednotka-eclipse-2bk-s-uloznym-boxem\/","title":{"rendered":"Modul\u00e1rn\u00ed rohov\u00e1 jednotka Eclipse 2BK (s \u00falo\u017en\u00fdm boxem)"},"content":{"rendered":"<div class=\"grid__row grid__row_xs-hcenter\">\n<div class=\" product-description__content grid__col grid__col_md-10 fr-view resetcss \">\n<p><strong>Rohov\u00e1 sedac\u00ed souprava ECLIPSE <\/strong>od p\u0159edn\u00edho v\u00fdrobce \u010daloun\u011bn\u00e9ho n\u00e1bytku <strong>LIBRO<\/strong>.<\/p>\n<p>Tento kus n\u00e1bytku je ur\u010den pro ty, kte\u0159\u00ed ocen\u00ed modern\u00ed design a funk\u010dnost.<\/p>\n<p>Zaj\u00edmav\u00fdm a inovativn\u00edm \u0159e\u0161en\u00edm je vyu\u017eit\u00ed portu USB k nab\u00edjen\u00ed nap\u0159\u00edklad telefonu nebo tabletu.<\/p>\n<p>Rohov\u00e1 jednotka ECLIPSE je modul\u00e1rn\u00ed, tak\u017ee si ji z\u00e1kazn\u00edk m\u016f\u017ee nakonfigurovat podle pot\u0159eby.<\/p>\n<p>Mezi dal\u0161\u00ed funkce pat\u0159\u00ed kontejner na l\u016f\u017ekoviny a asistovan\u00e9 rozkl\u00e1d\u00e1n\u00ed (mechanismus &#8222;PUMA&#8220;).<\/p>\n<p>Sedadlo se skl\u00e1d\u00e1 z vlnit\u00fdch, bonellov\u00fdch a HR p\u00e1nvov\u00fdch pru\u017ein.<\/p>\n<p>&nbsp;<\/p>\n<p>V\u00fdhody produktu:<\/p>\n<ul>\n<li>Port UB<\/li>\n<li>funkce sp\u00e1nku<\/li>\n<li>ko\u0161 na l\u016f\u017ekoviny<\/li>\n<\/ul>\n<\/div>\n<\/div>\n","protected":false},"excerpt":{"rendered":"<p>Rozm\u011bry:<\/p>\n<p>\u0160\u00ed\u0159ka &#8211; 143 cm<\/p>\n<p>Hloubka &#8211; 122 cm<\/p>\n<p>V\u00fd\u0161ka &#8211; 77\/90 cm<\/p>\n","protected":false},"featured_media":26952,"comment_status":"open","ping_status":"closed","template":"","meta":{"_eb_attr":"","_uag_custom_page_level_css":"","site-sidebar-layout":"default","site-content-layout":"","ast-site-content-layout":"default","site-content-style":"default","site-sidebar-style":"default","ast-global-header-display":"","ast-banner-title-visibility":"","ast-main-header-display":"","ast-hfb-above-header-display":"","ast-hfb-below-header-display":"","ast-hfb-mobile-header-display":"","site-post-title":"","ast-breadcrumbs-content":"","ast-featured-img":"","footer-sml-layout":"","theme-transparent-header-meta":"default","adv-header-id-meta":"","stick-header-meta":"default","header-above-stick-meta":"","header-main-stick-meta":"","header-below-stick-meta":"","astra-migrate-meta-layouts":"default","ast-page-background-enabled":"default","ast-page-background-meta":{"desktop":{"background-color":"","background-image":"","background-repeat":"repeat","background-position":"center center","background-size":"auto","background-attachment":"scroll","background-type":"","background-media":"","overlay-type":"","overlay-color":"","overlay-opacity":"","overlay-gradient":""},"tablet":{"background-color":"","background-image":"","background-repeat":"repeat","background-position":"center center","background-size":"auto","background-attachment":"scroll","background-type":"","background-media":"","overlay-type":"","overlay-color":"","overlay-opacity":"","overlay-gradient":""},"mobile":{"background-color":"","background-image":"","background-repeat":"repeat","background-position":"center center","background-size":"auto","background-attachment":"scroll","background-type":"","background-media":"","overlay-type":"","overlay-color":"","overlay-opacity":"","overlay-gradient":""}},"ast-content-background-meta":{"desktop":{"background-color":"var(--ast-global-color-5)","background-image":"","background-repeat":"repeat","background-position":"center center","background-size":"auto","background-attachment":"scroll","background-type":"","background-media":"","overlay-type":"","overlay-color":"","overlay-opacity":"","overlay-gradient":""},"tablet":{"background-color":"var(--ast-global-color-5)","background-image":"","background-repeat":"repeat","background-position":"center center","background-size":"auto","background-attachment":"scroll","background-type":"","background-media":"","overlay-type":"","overlay-color":"","overlay-opacity":"","overlay-gradient":""},"mobile":{"background-color":"var(--ast-global-color-5)","background-image":"","background-repeat":"repeat","background-position":"center center","background-size":"auto","background-attachment":"scroll","background-type":"","background-media":"","overlay-type":"","overlay-color":"","overlay-opacity":"","overlay-gradient":""}}},"product_brand":[],"product_cat":[107],"product_tag":[],"class_list":{"0":"post-26956","1":"product","2":"type-product","3":"status-publish","4":"has-post-thumbnail","6":"product_cat-zadna-kategorie","7":"desktop-align-left","8":"tablet-align-left","9":"mobile-align-left","10":"ast-product-gallery-layout-horizontal-slider","11":"ast-product-tabs-layout-horizontal","12":"ast-qv-on-image","14":"first","15":"onbackorder","16":"shipping-taxable","17":"purchasable","18":"product-type-simple"},"spectra_custom_meta":{"_iwo_price_last_change":["a:4:{s:5:\"price\";s:4:\"2209\";s:10:\"price_sale\";s:0:\"\";s:19:\"price_including_tax\";d:2209;s:9:\"timestamp\";i:1770724073;}"],"_alp_processed":["1770724073"],"_wcml_average_rating":[null],"_wcml_review_count":[null],"_wcml_rating_count":[null],"_backorders":["no"],"_download_limit":["-1"],"_download_expiry":["-1"],"_downloadable":["no"],"_manage_stock":["no"],"_stock_status":["onbackorder"],"_sold_individually":["no"],"_tax_class":[""],"_tax_status":["taxable"],"_virtual":["no"],"total_sales":["0"],"_wpml_media_duplicate":["1"],"_wpml_media_featured":["1"],"stick-header-meta":["default"],"site-sidebar-layout":["default"],"theme-transparent-header-meta":["default"],"ast-site-content-layout":["default"],"site-content-style":["default"],"site-sidebar-style":["default"],"_thumbnail_id":["26952"],"_last_translation_edit_mode":["translation-editor"],"_wpml_word_count":["127"],"_iwo_price_log":["a:4:{s:5:\"price\";s:4:\"2209\";s:10:\"price_sale\";s:0:\"\";s:19:\"price_including_tax\";d:2209;s:9:\"timestamp\";i:1770724073;}"],"_uag_page_assets":["a:9:{s:3:\"css\";s:263:\".uag-blocks-common-selector{z-index:var(--z-index-desktop) !important}@media (max-width: 976px){.uag-blocks-common-selector{z-index:var(--z-index-tablet) !important}}@media (max-width: 767px){.uag-blocks-common-selector{z-index:var(--z-index-mobile) !important}}\n\";s:2:\"js\";s:0:\"\";s:18:\"current_block_list\";a:13:{i:0;s:11:\"core\/search\";i:1;s:10:\"core\/group\";i:2;s:12:\"core\/heading\";i:3;s:17:\"core\/latest-posts\";i:4;s:20:\"core\/latest-comments\";i:5;s:13:\"core\/archives\";i:6;s:15:\"core\/categories\";i:7;s:26:\"woocommerce\/filter-wrapper\";i:8;s:24:\"woocommerce\/price-filter\";i:9;s:30:\"woocommerce\/product-categories\";i:10;s:26:\"woocommerce\/active-filters\";i:11;s:23:\"essential-blocks\/social\";i:12;s:24:\"woocommerce\/stock-filter\";}s:8:\"uag_flag\";b:0;s:11:\"uag_version\";s:10:\"1776854948\";s:6:\"gfonts\";a:0:{}s:10:\"gfonts_url\";s:0:\"\";s:12:\"gfonts_files\";a:0:{}s:14:\"uag_faq_layout\";b:0;}"],"_eb_reusable_block_ids":["a:0:{}"],"_product_image_gallery":["26454"],"_regular_price":[13446.3],"_price":[13446.3],"_uag_css_file_name":["uag-css-26956.css"],"_max_variation_price":[""],"_max_variation_regular_price":[""],"_max_variation_sale_price":[""],"_min_variation_price":[""],"_min_variation_regular_price":[""],"_min_variation_sale_price":[""],"_sale_price":[""],"_wc_rating_count":[""],"_wc_review_count":[""],"_wc_average_rating":[0]},"uagb_featured_image_src":{"full":["https:\/\/team-meble.pl\/wp-content\/uploads\/2026\/02\/ECLIPSE-2BK-scaled.jpg",2560,2278,false],"thumbnail":["https:\/\/team-meble.pl\/wp-content\/uploads\/2026\/02\/ECLIPSE-2BK-150x150.jpg",150,150,true],"medium":["https:\/\/team-meble.pl\/wp-content\/uploads\/2026\/02\/ECLIPSE-2BK-300x267.jpg",300,267,true],"medium_large":["https:\/\/team-meble.pl\/wp-content\/uploads\/2026\/02\/ECLIPSE-2BK-768x683.jpg",768,683,true],"large":["https:\/\/team-meble.pl\/wp-content\/uploads\/2026\/02\/ECLIPSE-2BK-1024x911.jpg",1024,911,true],"1536x1536":["https:\/\/team-meble.pl\/wp-content\/uploads\/2026\/02\/ECLIPSE-2BK-1536x1367.jpg",1536,1367,true],"2048x2048":["https:\/\/team-meble.pl\/wp-content\/uploads\/2026\/02\/ECLIPSE-2BK-2048x1822.jpg",2048,1822,true],"mailpoet_newsletter_max":["https:\/\/team-meble.pl\/wp-content\/uploads\/2026\/02\/ECLIPSE-2BK-1320x1174.jpg",1320,1174,true],"woocommerce_thumbnail":["https:\/\/team-meble.pl\/wp-content\/uploads\/2026\/02\/ECLIPSE-2BK-300x300.jpg",300,300,true],"woocommerce_single":["https:\/\/team-meble.pl\/wp-content\/uploads\/2026\/02\/ECLIPSE-2BK-300x267.jpg",300,267,true],"woocommerce_gallery_thumbnail":["https:\/\/team-meble.pl\/wp-content\/uploads\/2026\/02\/ECLIPSE-2BK-100x100.jpg",100,100,true]},"uagb_author_info":{"display_name":"Wiola","author_link":"https:\/\/team-meble.pl\/cs\/author\/"},"uagb_comment_info":0,"uagb_excerpt":"Rozm\u011bry: \u0160\u00ed\u0159ka - 143 cm Hloubka - 122 cm V\u00fd\u0161ka - 77\/90 cm","_links":{"self":[{"href":"https:\/\/team-meble.pl\/cs\/wp-json\/wp\/v2\/product\/26956","targetHints":{"allow":["GET"]}}],"collection":[{"href":"https:\/\/team-meble.pl\/cs\/wp-json\/wp\/v2\/product"}],"about":[{"href":"https:\/\/team-meble.pl\/cs\/wp-json\/wp\/v2\/types\/product"}],"replies":[{"embeddable":true,"href":"https:\/\/team-meble.pl\/cs\/wp-json\/wp\/v2\/comments?post=26956"}],"wp:featuredmedia":[{"embeddable":true,"href":"https:\/\/team-meble.pl\/cs\/wp-json\/wp\/v2\/media\/26952"}],"wp:attachment":[{"href":"https:\/\/team-meble.pl\/cs\/wp-json\/wp\/v2\/media?parent=26956"}],"wp:term":[{"taxonomy":"product_brand","embeddable":true,"href":"https:\/\/team-meble.pl\/cs\/wp-json\/wp\/v2\/product_brand?post=26956"},{"taxonomy":"product_cat","embeddable":true,"href":"https:\/\/team-meble.pl\/cs\/wp-json\/wp\/v2\/product_cat?post=26956"},{"taxonomy":"product_tag","embeddable":true,"href":"https:\/\/team-meble.pl\/cs\/wp-json\/wp\/v2\/product_tag?post=26956"}],"curies":[{"name":"wp","href":"https:\/\/api.w.org\/{rel}","templated":true}]}}