{"id":8463,"date":"2024-05-08T12:33:58","date_gmt":"2024-05-08T12:33:58","guid":{"rendered":"https:\/\/www.srv51806.seohost.com.pl\/produkt\/pola-90x200-penova-termoelasticka-matrace\/"},"modified":"2024-05-08T12:33:58","modified_gmt":"2024-05-08T12:33:58","slug":"pola-90x200-penova-termoelasticka-matrace","status":"publish","type":"product","link":"https:\/\/team-meble.pl\/cs\/produkt\/pola-90x200-penova-termoelasticka-matrace\/","title":{"rendered":"Pola 90&#215;200 p\u011bnov\u00e1, termoelastick\u00e1 matrace"},"content":{"rendered":"<p>\u010cerven\u00fd mramor je gelov\u00e1 p\u011bna s neb\u00fdval\u00fdm po\u010dtem bun\u011bk, kter\u00e9 zaru\u010duj\u00ed vynikaj\u00edc\u00ed proud\u011bn\u00ed vzduchu a plasticitu matrace. D\u00edky t\u011bmto vlastnostem se p\u011bna dokonale p\u0159izp\u016fsob\u00ed t\u011blu, vytvaruje se podle jeho obrys\u016f a matrace z\u016fst\u00e1v\u00e1 po celou noc chladn\u00e1, tak\u017ee udr\u017euje optim\u00e1ln\u00ed teplotu sp\u00e1nku.<\/p>\n<p>Termoelastick\u00e1 p\u011bna uprost\u0159ed umo\u017e\u0148uje rovnom\u011brn\u00e9 rozlo\u017een\u00ed tlaku t\u011bla na matraci. Dokonale spolupracuje s vn\u011bj\u0161\u00edmi p\u011bnami a spr\u00e1vn\u011b vypl\u0148uje ka\u017ed\u00fd voln\u00fd prostor pod va\u0161\u00edm t\u011blem.<\/p>\n<p>P\u011bna m\u00e1 zdrav\u00ed prosp\u011b\u0161n\u00e9 a relaxa\u010dn\u00ed vlastnosti, nezat\u011b\u017euje c\u00e9vy a zlep\u0161uje krevn\u00ed ob\u011bh. To umo\u017e\u0148uje \u00fa\u010dinn\u00fd p\u0159\u00edsun \u017eivin nezbytn\u00fdch pro regeneraci v\u0161ech m\u011bkk\u00fdch tk\u00e1n\u00ed v t\u011ble. Kdy\u017e se na matraci oto\u010d\u00edte, p\u011bna plynule m\u011bn\u00ed op\u011brn\u00e9 body a zaji\u0161\u0165uje zdrav\u00e9 nastaven\u00ed p\u00e1te\u0159e bez ohledu na to, v jak\u00e9 poloze sp\u00edte.<\/p>\n<p>\u010cerven\u00e1 hybridn\u00ed p\u011bna je z\u00e1kladem a z\u00e1rove\u0148 pevn\u011bj\u0161\u00ed stranou matrace, kter\u00e1 zaji\u0161\u0165uje odolnost a stabilitu konstrukce. M\u00e1 7 z\u00f3n r\u016fzn\u00e9 tvrdosti, jejich\u017e stupe\u0148 podpory je ur\u010den pro konkr\u00e9tn\u00ed \u010d\u00e1sti t\u011bla. Speci\u00e1ln\u011b vyvinut\u00e9 z\u00e1\u0159ezy umo\u017e\u0148uj\u00ed optim\u00e1ln\u00ed oporu p\u00e1te\u0159e v jak\u00e9koli poloze p\u0159i sp\u00e1nku. Usnad\u0148uj\u00ed tak\u00e9 proud\u011bn\u00ed vzduchu, co\u017e p\u0159isp\u00edv\u00e1 k dobr\u00e9 hygien\u011b sp\u00e1nku. P\u011bna nep\u0159en\u00e1\u0161\u00ed vibrace, tak\u017ee v\u00e1m zaru\u010dujeme, \u017ee b\u011bhem sp\u00e1nku neuc\u00edt\u00edte pohyby partnera.<\/p>\n<p>Matrace Pola je ide\u00e1ln\u00edm \u0159e\u0161en\u00edm pro p\u00e1ry.<\/p>\n","protected":false},"excerpt":{"rendered":"<p>Rozm\u011bry:<br \/>\n\u0160\u00ed\u0159ka &#8211; 90 cm<\/p>\n<p>Hloubka &#8211; 200 cm<\/p>\n<p>V\u00fd\u0161ka &#8211; 22 cm<\/p>\n","protected":false},"featured_media":8459,"comment_status":"open","ping_status":"closed","template":"","meta":{"_eb_attr":"","_uag_custom_page_level_css":"","site-sidebar-layout":"default","site-content-layout":"","ast-site-content-layout":"default","site-content-style":"default","site-sidebar-style":"default","ast-global-header-display":"","ast-banner-title-visibility":"","ast-main-header-display":"","ast-hfb-above-header-display":"","ast-hfb-below-header-display":"","ast-hfb-mobile-header-display":"","site-post-title":"","ast-breadcrumbs-content":"","ast-featured-img":"","footer-sml-layout":"","theme-transparent-header-meta":"default","adv-header-id-meta":"","stick-header-meta":"default","header-above-stick-meta":"","header-main-stick-meta":"","header-below-stick-meta":"","astra-migrate-meta-layouts":"default","ast-page-background-enabled":"default","ast-page-background-meta":{"desktop":{"background-color":"","background-image":"","background-repeat":"repeat","background-position":"center center","background-size":"auto","background-attachment":"scroll","background-type":"","background-media":"","overlay-type":"","overlay-color":"","overlay-opacity":"","overlay-gradient":""},"tablet":{"background-color":"","background-image":"","background-repeat":"repeat","background-position":"center center","background-size":"auto","background-attachment":"scroll","background-type":"","background-media":"","overlay-type":"","overlay-color":"","overlay-opacity":"","overlay-gradient":""},"mobile":{"background-color":"","background-image":"","background-repeat":"repeat","background-position":"center center","background-size":"auto","background-attachment":"scroll","background-type":"","background-media":"","overlay-type":"","overlay-color":"","overlay-opacity":"","overlay-gradient":""}},"ast-content-background-meta":{"desktop":{"background-color":"var(--ast-global-color-5)","background-image":"","background-repeat":"repeat","background-position":"center center","background-size":"auto","background-attachment":"scroll","background-type":"","background-media":"","overlay-type":"","overlay-color":"","overlay-opacity":"","overlay-gradient":""},"tablet":{"background-color":"var(--ast-global-color-5)","background-image":"","background-repeat":"repeat","background-position":"center center","background-size":"auto","background-attachment":"scroll","background-type":"","background-media":"","overlay-type":"","overlay-color":"","overlay-opacity":"","overlay-gradient":""},"mobile":{"background-color":"var(--ast-global-color-5)","background-image":"","background-repeat":"repeat","background-position":"center center","background-size":"auto","background-attachment":"scroll","background-type":"","background-media":"","overlay-type":"","overlay-color":"","overlay-opacity":"","overlay-gradient":""}}},"product_brand":[],"product_cat":[93,94,92],"product_tag":[],"class_list":{"0":"post-8463","1":"product","2":"type-product","3":"status-publish","4":"has-post-thumbnail","6":"product_cat-detsky-pokoj","7":"product_cat-loznice","8":"product_cat-matrace","9":"desktop-align-left","10":"tablet-align-left","11":"mobile-align-left","12":"ast-product-gallery-layout-horizontal-slider","13":"ast-product-tabs-layout-horizontal","14":"ast-qv-on-image","16":"first","17":"onbackorder","18":"sale","19":"shipping-taxable","20":"purchasable","21":"product-type-simple"},"spectra_custom_meta":{"_iwo_price_last_change":["a:4:{s:5:\"price\";s:0:\"\";s:10:\"price_sale\";s:0:\"\";s:19:\"price_including_tax\";d:0;s:9:\"timestamp\";i:1715189179;}"],"_eb_reusable_block_ids":["a:0:{}"],"_alp_processed":["1715189179"],"_wcml_average_rating":[null],"_wcml_review_count":[null],"_wcml_rating_count":[null],"_backorders":["no"],"_download_limit":["-1"],"_download_expiry":["-1"],"_downloadable":["no"],"_manage_stock":["no"],"_stock_status":["onbackorder"],"_sold_individually":["no"],"_tax_class":[""],"_tax_status":["taxable"],"_virtual":["no"],"total_sales":["0"],"_regular_price":[10413.9],"stick-header-meta":["default"],"site-sidebar-layout":["default"],"theme-transparent-header-meta":["default"],"ast-site-content-layout":["default"],"site-content-style":["default"],"site-sidebar-style":["default"],"wcml_sync_hash":["a:1:{s:15:\"postmeta_fields\";s:32:\"b233aea6811809f803bfde5c56c219d1\";}"],"attr_label_translations":["a:0:{}"],"_product_attributes":["a:0:{}"],"_default_attributes":["a:0:{}"],"_upsell_ids":["a:0:{}"],"_crosssell_ids":["a:0:{}"],"_children":["a:0:{}"],"_uag_page_assets":["a:9:{s:3:\"css\";s:263:\".uag-blocks-common-selector{z-index:var(--z-index-desktop) !important}@media (max-width: 976px){.uag-blocks-common-selector{z-index:var(--z-index-tablet) !important}}@media (max-width: 767px){.uag-blocks-common-selector{z-index:var(--z-index-mobile) !important}}\n\";s:2:\"js\";s:0:\"\";s:18:\"current_block_list\";a:13:{i:0;s:11:\"core\/search\";i:1;s:10:\"core\/group\";i:2;s:12:\"core\/heading\";i:3;s:17:\"core\/latest-posts\";i:4;s:20:\"core\/latest-comments\";i:5;s:13:\"core\/archives\";i:6;s:15:\"core\/categories\";i:7;s:26:\"woocommerce\/filter-wrapper\";i:8;s:24:\"woocommerce\/price-filter\";i:9;s:30:\"woocommerce\/product-categories\";i:10;s:26:\"woocommerce\/active-filters\";i:11;s:23:\"essential-blocks\/social\";i:12;s:24:\"woocommerce\/stock-filter\";}s:8:\"uag_flag\";b:0;s:11:\"uag_version\";s:10:\"1776327782\";s:6:\"gfonts\";a:0:{}s:10:\"gfonts_url\";s:0:\"\";s:12:\"gfonts_files\";a:0:{}s:14:\"uag_faq_layout\";b:0;}"],"_sale_price":[7746.3],"_price":[7746.3],"_thumbnail_id":["8459"],"_edit_lock":["1716031766:3"],"_wpml_word_count":["{\"total\":206,\"to_translate\":{\"pl\":206}}"],"_wp_attachment_metadata":[""],"_uag_css_file_name":["uag-css-8463.css"],"_max_variation_price":[""],"_max_variation_regular_price":[""],"_max_variation_sale_price":[""],"_min_variation_price":[""],"_min_variation_regular_price":[""],"_min_variation_sale_price":[""],"_wc_rating_count":[""],"_wc_review_count":[""],"_wc_average_rating":[0]},"uagb_featured_image_src":{"full":["https:\/\/team-meble.pl\/wp-content\/uploads\/2024\/05\/Komfort-Tencel-K.jpg",1534,1024,false],"thumbnail":["https:\/\/team-meble.pl\/wp-content\/uploads\/2024\/05\/Komfort-Tencel-K-150x150.jpg",150,150,true],"medium":["https:\/\/team-meble.pl\/wp-content\/uploads\/2024\/05\/Komfort-Tencel-K-300x200.jpg",300,200,true],"medium_large":["https:\/\/team-meble.pl\/wp-content\/uploads\/2024\/05\/Komfort-Tencel-K-768x513.jpg",768,513,true],"large":["https:\/\/team-meble.pl\/wp-content\/uploads\/2024\/05\/Komfort-Tencel-K-1024x684.jpg",1024,684,true],"1536x1536":["https:\/\/team-meble.pl\/wp-content\/uploads\/2024\/05\/Komfort-Tencel-K.jpg",1534,1024,false],"2048x2048":["https:\/\/team-meble.pl\/wp-content\/uploads\/2024\/05\/Komfort-Tencel-K.jpg",1534,1024,false],"mailpoet_newsletter_max":["https:\/\/team-meble.pl\/wp-content\/uploads\/2024\/05\/Komfort-Tencel-K-1320x881.jpg",1320,881,true],"woocommerce_thumbnail":["https:\/\/team-meble.pl\/wp-content\/uploads\/2024\/05\/Komfort-Tencel-K-300x300.jpg",300,300,true],"woocommerce_single":["https:\/\/team-meble.pl\/wp-content\/uploads\/2024\/05\/Komfort-Tencel-K-300x200.jpg",300,200,true],"woocommerce_gallery_thumbnail":["https:\/\/team-meble.pl\/wp-content\/uploads\/2024\/05\/Komfort-Tencel-K-100x100.jpg",100,100,true]},"uagb_author_info":{"display_name":"Wiola","author_link":"https:\/\/team-meble.pl\/cs\/author\/"},"uagb_comment_info":0,"uagb_excerpt":"Rozm\u011bry: \u0160\u00ed\u0159ka - 90 cm Hloubka - 200 cm V\u00fd\u0161ka - 22 cm","_links":{"self":[{"href":"https:\/\/team-meble.pl\/cs\/wp-json\/wp\/v2\/product\/8463","targetHints":{"allow":["GET"]}}],"collection":[{"href":"https:\/\/team-meble.pl\/cs\/wp-json\/wp\/v2\/product"}],"about":[{"href":"https:\/\/team-meble.pl\/cs\/wp-json\/wp\/v2\/types\/product"}],"replies":[{"embeddable":true,"href":"https:\/\/team-meble.pl\/cs\/wp-json\/wp\/v2\/comments?post=8463"}],"wp:featuredmedia":[{"embeddable":true,"href":"https:\/\/team-meble.pl\/cs\/wp-json\/wp\/v2\/media\/8459"}],"wp:attachment":[{"href":"https:\/\/team-meble.pl\/cs\/wp-json\/wp\/v2\/media?parent=8463"}],"wp:term":[{"taxonomy":"product_brand","embeddable":true,"href":"https:\/\/team-meble.pl\/cs\/wp-json\/wp\/v2\/product_brand?post=8463"},{"taxonomy":"product_cat","embeddable":true,"href":"https:\/\/team-meble.pl\/cs\/wp-json\/wp\/v2\/product_cat?post=8463"},{"taxonomy":"product_tag","embeddable":true,"href":"https:\/\/team-meble.pl\/cs\/wp-json\/wp\/v2\/product_tag?post=8463"}],"curies":[{"name":"wp","href":"https:\/\/api.w.org\/{rel}","templated":true}]}}